{"id":1303,"date":"2017-05-24T15:28:06","date_gmt":"2017-05-24T13:28:06","guid":{"rendered":"https:\/\/firm4sale.ch\/?page_id=1303"},"modified":"2022-07-04T21:24:50","modified_gmt":"2022-07-04T19:24:50","slug":"acheter-restaurant-ou-entreprise","status":"publish","type":"page","link":"https:\/\/firm4sale.ch\/fr\/acheter-restaurant-ou-entreprise\/","title":{"rendered":"Acheter restaurant ou entreprise"},"content":{"rendered":"<p>[et_pb_section admin_label=\u00a0\u00bbsection\u00a0\u00bb]<br>[et_pb_row admin_label=\u00a0\u00bbrow\u00a0\u00bb]<br>[et_pb_column type=\u00a0\u00bb4_4&Prime;][et_pb_text admin_label=\u00a0\u00bbText\u00a0\u00bb]<\/p>\n<h2 class=\"\"><strong class=\"text-red\">D\u00e9sirez-vous acheter une entreprise, un restaurant une PME? 2 x plus de chances de le trouver avec FIRM4SALE.<br>Publiez gratuitement une annonce d&rsquo;acheteur (avis de recherche) pour \u00eatre inform\u00e9 avant les autres. Er vous pourrez contacter des vendeurs en cliquant sur le bouton bleu de leur annonce.<\/strong><\/h2>\n<h2 class=\"\">Voulez-vous rester employ\u00e9&#8230; ou devenir&nbsp; votre propre patron?&nbsp; Impliquez vous et publiez votre avis de recherche gratuit et sans engagement pour \u00eatre contact\u00e9 par des entrepreneurs qui vendent leur PME, commerce, h\u00f4tel ou restaurant!<\/h2>\n<h2>De toute fa\u00e7on, si vous souhaitez contacter un vendeur, vous devez <strong>imp\u00e9rativement<\/strong> vous enregistrer, vous connecter et <strong>publier une annonce de recherche GRATUITE!<\/strong> Changez de vie maintenant!<\/h2>\n\n\n<div style=\"height:25px\" aria-hidden=\"true\" class=\"wp-block-spacer\"><\/div>\n\n\n\n<div class=\"wp-block-columns is-layout-flex wp-container-core-columns-is-layout-9d6595d7 wp-block-columns-is-layout-flex\">\n<div class=\"wp-block-column is-layout-flow wp-block-column-is-layout-flow\">\n<div class=\"wp-block-buttons is-layout-flex wp-block-buttons-is-layout-flex\">\n<div class=\"wp-block-button has-custom-width wp-block-button__width-100 pictobtn is-style-fill\"><a class=\"wp-block-button__link has-blue-2-color has-white-1-background-color has-text-color has-background\" href=\"https:\/\/firm4sale.ch\/fr\/parametres-du-compte\/nouvel-avis-de-recherche\/\" style=\"border-radius:2px\"><i class=\"fas fa-5x fa-edit\"><\/i><br>Publiez gratuitement votre annonce (avis de recherche) d\u2019entreprise!<\/a><\/div>\n<\/div>\n<\/div>\n\n\n\n<div class=\"wp-block-column is-layout-flow wp-block-column-is-layout-flow\">\n<div class=\"wp-block-buttons is-layout-flex wp-block-buttons-is-layout-flex\">\n<div class=\"wp-block-button has-custom-width wp-block-button__width-100 pictobtn is-style-fill\"><a class=\"wp-block-button__link has-blue-2-color has-white-1-background-color has-text-color has-background\" href=\"https:\/\/firm4sale.ch\/fr\/liste-des-entreprises-en-vente\/\" style=\"border-radius:2px\"><i class=\"fas fa-5x fa-city\"><\/i><br>Voir les 390 entreprises \u00e0 racheter<\/a><\/div>\n<\/div>\n<\/div>\n<\/div>\n\n\n<p><span class=\"logo_style\">FIRM<strong class=\"text-red\">4<\/strong>SALE :<\/span> <strong class=\"text-red\">la plus grande plateforme de vente d&rsquo;entreprises qui met acheteurs et vendeurs directement en relation.&nbsp;<\/strong><br><span class=\"logo_style\">FIRM<strong class=\"text-red\">4<\/strong>SALE<\/span> <strong class=\"text-red\">ne facture pas de commission de courtage (0% de commission!).<\/strong><\/p>\n<p>Sur le <a href=\"https:\/\/www.kmu.admin.ch\/kmu\/fr\/home\/savoir-pratique\/succession-cessation-d-activite\/transmission-entreprise\/reprendre-une-entreprise.html\" target=\"_blank\" rel=\"noopener noreferrer\">Portail PME<\/a> de la Conf\u00e9d\u00e9ration Suisse, vous trouverez une foule d&rsquo;informations sur la proc\u00e9dure de rachat d&rsquo;une entreprise et les diverses m\u00e9thodes pour en <a href=\"https:\/\/www.kmu.admin.ch\/kmu\/fr\/home\/savoir-pratique\/succession-cessation-d-activite\/transmission-entreprise\/evaluer-l_entreprise.html\" target=\"_blank\" rel=\"noopener noreferrer\">estimer<\/a> la valeur.<\/p>\n<p>\u00abPlus de 20% des PME auront un nouveau propri\u00e9taire d\u2019ici cinq ans\u00bb<\/p>\n<p><a href=\"https:\/\/www.kmu.admin.ch\/kmu\/fr\/home\/savoir-pratique\/succession-cessation-d-activite\/transmission-entreprise.html\" target=\"_blank\" rel=\"noopener noreferrer\">Source<\/a>: Portail PME de la Conf\u00e9d\u00e9ration Suisse<\/p>\n<p><strong><a href=\"https:\/\/firm4sale.ch\/financer-l-acquisition-d-une-societe\/?lang=fr\"><span style=\"color: #ff0000;\">D\u00e8s maintenant vous avez la possibilit\u00e9 de financer l&rsquo;acquisition d&rsquo;une entreprise gr\u00e2ce \u00e0 notre partenaire swisspeers.<\/span><\/a><\/strong><\/p>\n<p>[\/et_pb_text][\/et_pb_column]<br>[\/et_pb_row]<br>[\/et_pb_section]<\/p>","protected":false},"excerpt":{"rendered":"<p>[et_pb_section admin_label=\u00a0\u00bbsection\u00a0\u00bb][et_pb_row admin_label=\u00a0\u00bbrow\u00a0\u00bb][et_pb_column type=\u00a0\u00bb4_4&Prime;][et_pb_text admin_label=\u00a0\u00bbText\u00a0\u00bb] D\u00e9sirez-vous acheter une entreprise, un restaurant une PME? 2 x plus de chances de le trouver avec FIRM4SALE.Publiez gratuitement une annonce d&rsquo;acheteur (avis de recherche) pour \u00eatre inform\u00e9 avant les autres. Er vous pourrez contacter des vendeurs en cliquant sur le bouton bleu de leur annonce. Voulez-vous rester employ\u00e9&#8230; ou [&hellip;]<\/p>\n","protected":false},"author":1,"featured_media":1426,"parent":0,"menu_order":0,"comment_status":"closed","ping_status":"closed","template":"","meta":{"_et_pb_use_builder":"","_et_pb_old_content":"<h2 class=\"\"><strong class=\"text-red\">D\u00e9sirez-vous reprendre un commerce? 2 x plus de chances de le trouver avec FIRM4SALE.<br \/>Publiez gratuitement un avis de recherche de soci\u00e9t\u00e9s \u00e0 remettre pour \u00eatre inform\u00e9 avant les autres. De plus vous pourrez contacter des vendeurs en cliquant sur le bouton bleu de leur annonce.<\/strong><\/h2>\n<h2 class=\"\">Voulez-vous rester l'employ\u00e9 de votre patron... ou devenir\u00a0 ind\u00e9pendant?\u00a0 Impliquez vous et publiez votre avis de recherche gratuit et sans engagement pour \u00eatre contact\u00e9 par des entrepreneurs qui transmettent leur PME, magasin, fonds de commerce, h\u00f4tel ou restaurant!<\/h2>\n<h2>De toute fa\u00e7on, si vous souhaitez contacter un vendeur, vous devez <strong>imp\u00e9rativement<\/strong> vous enregistrer, vous connecter et <strong>publier une annonce de recherche GRATUITE!<\/strong> Changez de vie maintenant!<\/h2>\n\n<!-- wp:spacer {\"height\":\"25px\"} -->\n<div style=\"height:25px\" aria-hidden=\"true\" class=\"wp-block-spacer\"><\/div>\n<!-- \/wp:spacer -->\n\n<!-- wp:columns -->\n<div class=\"wp-block-columns\"><!-- wp:column -->\n<div class=\"wp-block-column\"><!-- wp:buttons -->\n<div class=\"wp-block-buttons\"><!-- wp:button {\"backgroundColor\":\"white-1\",\"textColor\":\"blue-2\",\"width\":100,\"style\":{\"border\":{\"radius\":\"2px\"}},\"className\":\"pictobtn is-style-fill\",\"dynamicAttributes\":{\"toolsetDSVersion\":\"240000\"}} -->\n<div class=\"wp-block-button has-custom-width wp-block-button__width-100 pictobtn is-style-fill\"><a class=\"wp-block-button__link has-blue-2-color has-white-1-background-color has-text-color has-background\" href=\"https:\/\/firm4sale.ch\/fr\/parametres-du-compte\/nouvel-avis-de-recherche\/\" style=\"border-radius:2px\"><i class=\"fas fa-5x fa-edit\"><\/i><br>Publiez gratuitement votre annonce (avis de recherche) d\u2019entreprise!<\/a><\/div>\n<!-- \/wp:button --><\/div>\n<!-- \/wp:buttons --><\/div>\n<!-- \/wp:column -->\n\n<!-- wp:column -->\n<div class=\"wp-block-column\"><!-- wp:buttons -->\n<div class=\"wp-block-buttons\"><!-- wp:button {\"backgroundColor\":\"white-1\",\"textColor\":\"blue-2\",\"width\":100,\"style\":{\"border\":{\"radius\":\"2px\"}},\"className\":\"pictobtn is-style-fill\",\"dynamicAttributes\":{\"toolsetDSVersion\":\"240000\"}} -->\n<div class=\"wp-block-button has-custom-width wp-block-button__width-100 pictobtn is-style-fill\"><a class=\"wp-block-button__link has-blue-2-color has-white-1-background-color has-text-color has-background\" href=\"https:\/\/firm4sale.ch\/fr\/liste-des-entreprises-en-vente\/\" style=\"border-radius:2px\"><i class=\"fas fa-5x fa-city\"><\/i><br>Voir les [compteur-annonces-vente] entreprises \u00e0 racheter<\/a><\/div>\n<!-- \/wp:button --><\/div>\n<!-- \/wp:buttons --><\/div>\n<!-- \/wp:column --><\/div>\n<!-- \/wp:columns -->\n\n<p><span class=\"logo_style\">FIRM<strong class=\"text-red\">4<\/strong>SALE :<\/span> <strong class=\"text-red\">le plus grand site de fusacq (fusions&nbsp; &amp; acquisitions) d'entreprises qui met acheteurs et vendeurs directement en relation.&nbsp;<\/strong><br><span class=\"logo_style\">FIRM<strong class=\"text-red\">4<\/strong>SALE<\/span> <strong class=\"text-red\">ne facture pas de commission de courtage (0% de commission!).<\/strong><\/p>\n<p>Sur le <a href=\"https:\/\/www.kmu.admin.ch\/kmu\/fr\/home\/savoir-pratique\/succession-cessation-d-activite\/transmission-entreprise\/reprendre-une-entreprise.html\" target=\"_blank\" rel=\"noopener noreferrer\">Portail PME<\/a> de la Conf\u00e9d\u00e9ration Suisse, vous trouverez une foule d'informations sur la proc\u00e9dure de rachat d'une entreprise et les diverses m\u00e9thodes pour en <a href=\"https:\/\/www.kmu.admin.ch\/kmu\/fr\/home\/savoir-pratique\/succession-cessation-d-activite\/transmission-entreprise\/evaluer-l_entreprise.html\" target=\"_blank\" rel=\"noopener noreferrer\">estimer<\/a> la valeur.<\/p>\n<p>\u00abPlus de 20% des PME auront un nouveau propri\u00e9taire d\u2019ici cinq ans\u00bb<\/p>\n<p><a href=\"https:\/\/www.kmu.admin.ch\/kmu\/fr\/home\/savoir-pratique\/succession-cessation-d-activite\/transmission-entreprise.html\" target=\"_blank\" rel=\"noopener noreferrer\">Source<\/a>: Portail PME de la Conf\u00e9d\u00e9ration Suisse<\/p>\n<p><strong><a href=\"https:\/\/firm4sale.ch\/financer-l-acquisition-d-une-societe\/?lang=fr\"><span style=\"color: #ff0000;\">D\u00e8s maintenant vous avez la possibilit\u00e9 de financer l'acquisition d'une entreprise gr\u00e2ce \u00e0 notre partenaire swisspeers.<\/span><\/a><\/strong><\/p>","_et_gb_content_width":"","footnotes":""},"class_list":["post-1303","page","type-page","status-publish","has-post-thumbnail","hentry"],"yoast_head":"<!-- This site is optimized with the Yoast SEO plugin v27.4 - https:\/\/yoast.com\/product\/yoast-seo-wordpress\/ -->\n<title>Acheter un restaurant ou une entreprise | FIRM4SALE<\/title>\n<meta name=\"description\" content=\"Acheter un restaurant ou une entreprise sans payer de courtage: Publiez une recherche d&#039;entreprise pour \u00eatre contact\u00e9 par des vendeurs.\" \/>\n<meta name=\"robots\" content=\"index, follow, max-snippet:-1, max-image-preview:large, max-video-preview:-1\" \/>\n<link rel=\"canonical\" href=\"https:\/\/firm4sale.ch\/fr\/acheter-une-entreprise\/?lang=fr\" \/>\n<meta property=\"og:locale\" content=\"fr_FR\" \/>\n<meta property=\"og:type\" content=\"article\" \/>\n<meta property=\"og:title\" content=\"Acheter un restaurant ou une entreprise | FIRM4SALE\" \/>\n<meta property=\"og:description\" content=\"Acheter un restaurant ou une entreprise sans payer de courtage: Publiez une recherche d&#039;entreprise pour \u00eatre contact\u00e9 par des vendeurs.\" \/>\n<meta property=\"og:url\" content=\"https:\/\/firm4sale.ch\/acheter-une-entreprise\/?lang=fr\" \/>\n<meta property=\"og:site_name\" content=\"FIRM4SALE\" \/>\n<meta property=\"article:publisher\" content=\"https:\/\/www.facebook.com\/Firm4Sale\/\" \/>\n<meta property=\"article:modified_time\" content=\"2022-07-04T19:24:50+00:00\" \/>\n<meta property=\"og:image\" content=\"https:\/\/firm4sale.ch\/wp-content\/uploads\/2017\/01\/acheteur_bg.jpg\" \/>\n\t<meta property=\"og:image:width\" content=\"1900\" \/>\n\t<meta property=\"og:image:height\" content=\"471\" \/>\n\t<meta property=\"og:image:type\" content=\"image\/jpeg\" \/>\n<meta name=\"twitter:card\" content=\"summary_large_image\" \/>\n<meta name=\"twitter:label1\" content=\"Dur\u00e9e de lecture estim\u00e9e\" \/>\n\t<meta name=\"twitter:data1\" content=\"2 minutes\" \/>\n<script type=\"application\/ld+json\" class=\"yoast-schema-graph\">{\"@context\":\"https:\\\/\\\/schema.org\",\"@graph\":[{\"@type\":\"WebPage\",\"@id\":\"https:\\\/\\\/firm4sale.ch\\\/fr\\\/acheter-restaurant-ou-entreprise\\\/\",\"url\":\"https:\\\/\\\/firm4sale.ch\\\/acheter-une-entreprise\\\/?lang=fr\",\"name\":\"Acheter un restaurant ou une entreprise | FIRM4SALE\",\"isPartOf\":{\"@id\":\"https:\\\/\\\/firm4sale.ch\\\/fr\\\/#website\"},\"primaryImageOfPage\":{\"@id\":\"https:\\\/\\\/firm4sale.ch\\\/acheter-une-entreprise\\\/?lang=fr#primaryimage\"},\"image\":{\"@id\":\"https:\\\/\\\/firm4sale.ch\\\/acheter-une-entreprise\\\/?lang=fr#primaryimage\"},\"thumbnailUrl\":\"https:\\\/\\\/firm4sale.ch\\\/wp-content\\\/uploads\\\/2017\\\/01\\\/acheteur_bg.jpg\",\"datePublished\":\"2017-05-24T13:28:06+00:00\",\"dateModified\":\"2022-07-04T19:24:50+00:00\",\"description\":\"Acheter un restaurant ou une entreprise sans payer de courtage: Publiez une recherche d'entreprise pour \u00eatre contact\u00e9 par des vendeurs.\",\"breadcrumb\":{\"@id\":\"https:\\\/\\\/firm4sale.ch\\\/acheter-une-entreprise\\\/?lang=fr#breadcrumb\"},\"inLanguage\":\"fr-FR\",\"potentialAction\":[{\"@type\":\"ReadAction\",\"target\":[\"https:\\\/\\\/firm4sale.ch\\\/acheter-une-entreprise\\\/?lang=fr\"]}]},{\"@type\":\"ImageObject\",\"inLanguage\":\"fr-FR\",\"@id\":\"https:\\\/\\\/firm4sale.ch\\\/acheter-une-entreprise\\\/?lang=fr#primaryimage\",\"url\":\"https:\\\/\\\/firm4sale.ch\\\/wp-content\\\/uploads\\\/2017\\\/01\\\/acheteur_bg.jpg\",\"contentUrl\":\"https:\\\/\\\/firm4sale.ch\\\/wp-content\\\/uploads\\\/2017\\\/01\\\/acheteur_bg.jpg\",\"width\":1900,\"height\":471},{\"@type\":\"BreadcrumbList\",\"@id\":\"https:\\\/\\\/firm4sale.ch\\\/acheter-une-entreprise\\\/?lang=fr#breadcrumb\",\"itemListElement\":[{\"@type\":\"ListItem\",\"position\":1,\"name\":\"Accueil\",\"item\":\"https:\\\/\\\/firm4sale.ch\\\/fr\\\/\"},{\"@type\":\"ListItem\",\"position\":2,\"name\":\"Acheter restaurant ou entreprise\"}]},{\"@type\":\"WebSite\",\"@id\":\"https:\\\/\\\/firm4sale.ch\\\/fr\\\/#website\",\"url\":\"https:\\\/\\\/firm4sale.ch\\\/fr\\\/\",\"name\":\"FIRM4SALE\",\"description\":\"\u200bL&#039;unique site de rencontres qui met directement en relation vendeurs et acheteurs d&#039;entreprises.\",\"publisher\":{\"@id\":\"https:\\\/\\\/firm4sale.ch\\\/fr\\\/#organization\"},\"potentialAction\":[{\"@type\":\"SearchAction\",\"target\":{\"@type\":\"EntryPoint\",\"urlTemplate\":\"https:\\\/\\\/firm4sale.ch\\\/fr\\\/?s={search_term_string}\"},\"query-input\":{\"@type\":\"PropertyValueSpecification\",\"valueRequired\":true,\"valueName\":\"search_term_string\"}}],\"inLanguage\":\"fr-FR\"},{\"@type\":\"Organization\",\"@id\":\"https:\\\/\\\/firm4sale.ch\\\/fr\\\/#organization\",\"name\":\"FIRM4SALE\",\"url\":\"https:\\\/\\\/firm4sale.ch\\\/fr\\\/\",\"logo\":{\"@type\":\"ImageObject\",\"inLanguage\":\"fr-FR\",\"@id\":\"https:\\\/\\\/firm4sale.ch\\\/fr\\\/#\\\/schema\\\/logo\\\/image\\\/\",\"url\":\"\",\"contentUrl\":\"\",\"caption\":\"FIRM4SALE\"},\"image\":{\"@id\":\"https:\\\/\\\/firm4sale.ch\\\/fr\\\/#\\\/schema\\\/logo\\\/image\\\/\"},\"sameAs\":[\"https:\\\/\\\/www.facebook.com\\\/Firm4Sale\\\/\"]}]}<\/script>\n<!-- \/ Yoast SEO plugin. -->","yoast_head_json":{"title":"Acheter un restaurant ou une entreprise | FIRM4SALE","description":"Acheter un restaurant ou une entreprise sans payer de courtage: Publiez une recherche d'entreprise pour \u00eatre contact\u00e9 par des vendeurs.","robots":{"index":"index","follow":"follow","max-snippet":"max-snippet:-1","max-image-preview":"max-image-preview:large","max-video-preview":"max-video-preview:-1"},"canonical":"https:\/\/firm4sale.ch\/fr\/acheter-une-entreprise\/?lang=fr","og_locale":"fr_FR","og_type":"article","og_title":"Acheter un restaurant ou une entreprise | FIRM4SALE","og_description":"Acheter un restaurant ou une entreprise sans payer de courtage: Publiez une recherche d'entreprise pour \u00eatre contact\u00e9 par des vendeurs.","og_url":"https:\/\/firm4sale.ch\/acheter-une-entreprise\/?lang=fr","og_site_name":"FIRM4SALE","article_publisher":"https:\/\/www.facebook.com\/Firm4Sale\/","article_modified_time":"2022-07-04T19:24:50+00:00","og_image":[{"width":1900,"height":471,"url":"https:\/\/firm4sale.ch\/wp-content\/uploads\/2017\/01\/acheteur_bg.jpg","type":"image\/jpeg"}],"twitter_card":"summary_large_image","twitter_misc":{"Dur\u00e9e de lecture estim\u00e9e":"2 minutes"},"schema":{"@context":"https:\/\/schema.org","@graph":[{"@type":"WebPage","@id":"https:\/\/firm4sale.ch\/fr\/acheter-restaurant-ou-entreprise\/","url":"https:\/\/firm4sale.ch\/acheter-une-entreprise\/?lang=fr","name":"Acheter un restaurant ou une entreprise | FIRM4SALE","isPartOf":{"@id":"https:\/\/firm4sale.ch\/fr\/#website"},"primaryImageOfPage":{"@id":"https:\/\/firm4sale.ch\/acheter-une-entreprise\/?lang=fr#primaryimage"},"image":{"@id":"https:\/\/firm4sale.ch\/acheter-une-entreprise\/?lang=fr#primaryimage"},"thumbnailUrl":"https:\/\/firm4sale.ch\/wp-content\/uploads\/2017\/01\/acheteur_bg.jpg","datePublished":"2017-05-24T13:28:06+00:00","dateModified":"2022-07-04T19:24:50+00:00","description":"Acheter un restaurant ou une entreprise sans payer de courtage: Publiez une recherche d'entreprise pour \u00eatre contact\u00e9 par des vendeurs.","breadcrumb":{"@id":"https:\/\/firm4sale.ch\/acheter-une-entreprise\/?lang=fr#breadcrumb"},"inLanguage":"fr-FR","potentialAction":[{"@type":"ReadAction","target":["https:\/\/firm4sale.ch\/acheter-une-entreprise\/?lang=fr"]}]},{"@type":"ImageObject","inLanguage":"fr-FR","@id":"https:\/\/firm4sale.ch\/acheter-une-entreprise\/?lang=fr#primaryimage","url":"https:\/\/firm4sale.ch\/wp-content\/uploads\/2017\/01\/acheteur_bg.jpg","contentUrl":"https:\/\/firm4sale.ch\/wp-content\/uploads\/2017\/01\/acheteur_bg.jpg","width":1900,"height":471},{"@type":"BreadcrumbList","@id":"https:\/\/firm4sale.ch\/acheter-une-entreprise\/?lang=fr#breadcrumb","itemListElement":[{"@type":"ListItem","position":1,"name":"Accueil","item":"https:\/\/firm4sale.ch\/fr\/"},{"@type":"ListItem","position":2,"name":"Acheter restaurant ou entreprise"}]},{"@type":"WebSite","@id":"https:\/\/firm4sale.ch\/fr\/#website","url":"https:\/\/firm4sale.ch\/fr\/","name":"FIRM4SALE","description":"\u200bL&#039;unique site de rencontres qui met directement en relation vendeurs et acheteurs d&#039;entreprises.","publisher":{"@id":"https:\/\/firm4sale.ch\/fr\/#organization"},"potentialAction":[{"@type":"SearchAction","target":{"@type":"EntryPoint","urlTemplate":"https:\/\/firm4sale.ch\/fr\/?s={search_term_string}"},"query-input":{"@type":"PropertyValueSpecification","valueRequired":true,"valueName":"search_term_string"}}],"inLanguage":"fr-FR"},{"@type":"Organization","@id":"https:\/\/firm4sale.ch\/fr\/#organization","name":"FIRM4SALE","url":"https:\/\/firm4sale.ch\/fr\/","logo":{"@type":"ImageObject","inLanguage":"fr-FR","@id":"https:\/\/firm4sale.ch\/fr\/#\/schema\/logo\/image\/","url":"","contentUrl":"","caption":"FIRM4SALE"},"image":{"@id":"https:\/\/firm4sale.ch\/fr\/#\/schema\/logo\/image\/"},"sameAs":["https:\/\/www.facebook.com\/Firm4Sale\/"]}]}},"_links":{"self":[{"href":"https:\/\/firm4sale.ch\/fr\/wp-json\/wp\/v2\/pages\/1303","targetHints":{"allow":["GET"]}}],"collection":[{"href":"https:\/\/firm4sale.ch\/fr\/wp-json\/wp\/v2\/pages"}],"about":[{"href":"https:\/\/firm4sale.ch\/fr\/wp-json\/wp\/v2\/types\/page"}],"author":[{"embeddable":true,"href":"https:\/\/firm4sale.ch\/fr\/wp-json\/wp\/v2\/users\/1"}],"replies":[{"embeddable":true,"href":"https:\/\/firm4sale.ch\/fr\/wp-json\/wp\/v2\/comments?post=1303"}],"version-history":[{"count":137,"href":"https:\/\/firm4sale.ch\/fr\/wp-json\/wp\/v2\/pages\/1303\/revisions"}],"predecessor-version":[{"id":34933,"href":"https:\/\/firm4sale.ch\/fr\/wp-json\/wp\/v2\/pages\/1303\/revisions\/34933"}],"wp:featuredmedia":[{"embeddable":true,"href":"https:\/\/firm4sale.ch\/fr\/wp-json\/wp\/v2\/media\/1426"}],"wp:attachment":[{"href":"https:\/\/firm4sale.ch\/fr\/wp-json\/wp\/v2\/media?parent=1303"}],"curies":[{"name":"wp","href":"https:\/\/api.w.org\/{rel}","templated":true}]}}