{"id":4310,"date":"2018-01-11T09:03:29","date_gmt":"2018-01-11T08:03:29","guid":{"rendered":"https:\/\/firm4sale.ch\/?page_id=4310"},"modified":"2018-05-18T14:34:22","modified_gmt":"2018-05-18T12:34:22","slug":"presse","status":"publish","type":"page","link":"https:\/\/firm4sale.ch\/fr\/presse\/","title":{"rendered":"Presse"},"content":{"rendered":"<h3><span class=\"logo_style\" style=\"font-size: 18px;\">FIRM<strong class=\"text-red\">4<\/strong>SALE,<\/span> dans les m\u00e9dias<\/h3>\n<p>&nbsp;<\/p>\n<div style=\"float: left; width: 100%;\">\n<p><a href=\"\/wp-content\/uploads\/2018\/05\/24h_20180517.pdf\"><img loading=\"lazy\" decoding=\"async\" class=\"alignleft wp-image-6275\" src=\"https:\/\/firm4sale.ch\/wp-content\/uploads\/2018\/05\/firm4sale_24h_20180517-300x294.jpg\" alt=\"\" width=\"200\" height=\"196\" srcset=\"https:\/\/firm4sale.ch\/wp-content\/uploads\/2018\/05\/firm4sale_24h_20180517-300x294.jpg 300w, https:\/\/firm4sale.ch\/wp-content\/uploads\/2018\/05\/firm4sale_24h_20180517-600x589.jpg 600w, https:\/\/firm4sale.ch\/wp-content\/uploads\/2018\/05\/firm4sale_24h_20180517-768x753.jpg 768w, https:\/\/firm4sale.ch\/wp-content\/uploads\/2018\/05\/firm4sale_24h_20180517.jpg 845w\" sizes=\"(max-width: 200px) 100vw, 200px\" \/><\/a><\/p>\n<p>&nbsp;<\/p>\n<p><a href=\"\/wp-content\/uploads\/2018\/05\/24h_20180517.pdf\">24 heures, 17 mai 2018 &#8211; Un nouveau site facilite le rachat d\u2019une entreprise. En particulier par les cadres<\/a><\/p>\n<\/div>\n<p>&nbsp;<\/p>\n<div style=\"float: left; width: 100%;\">\n<p><a href=\"\/wp-content\/uploads\/2018\/01\/matin_20171224.pdf\"><img loading=\"lazy\" decoding=\"async\" class=\"wp-image-4324 alignleft\" src=\"https:\/\/firm4sale.ch\/wp-content\/uploads\/2018\/01\/firm4sale_matin-240x300.jpg\" alt=\"\" width=\"200\" height=\"250\" srcset=\"https:\/\/firm4sale.ch\/wp-content\/uploads\/2018\/01\/firm4sale_matin-240x300.jpg 240w, https:\/\/firm4sale.ch\/wp-content\/uploads\/2018\/01\/firm4sale_matin.jpg 400w\" sizes=\"(max-width: 200px) 100vw, 200px\" \/><\/a><\/p>\n<p>&nbsp;<\/p>\n<p><a href=\"\/wp-content\/uploads\/2018\/01\/matin_20171224.pdf\">Le Matin Dimanche, 24 d\u00e9cembre 2017 &#8211; Il faut cr\u00e9er autre chose que ce qui existe d\u00e9j\u00e0<\/a><\/p>\n<\/div>\n<p>&nbsp;<\/p>\n<div style=\"float: left; width: 100%;\">\n<p><a href=\"https:\/\/www.youtube.com\/watch?v=vxYMmrJRcG4\"><img loading=\"lazy\" decoding=\"async\" class=\"alignleft wp-image-3760\" src=\"\/wp-content\/uploads\/2018\/01\/firm4sale_nyondebat.jpg\" alt=\"\" width=\"200\" height=\"124\" \/><\/a><\/p>\n<p>&nbsp;<\/p>\n<p><a href=\"https:\/\/www.youtube.com\/watch?v=vxYMmrJRcG4\">NyonR\u00e9gion T\u00e9l\u00e9vision, 27 avril 2017 &#8211; Le DEBAT<\/a><\/p>\n<\/div>\n<p>&nbsp;<\/p>\n<div style=\"float: left; width: 100%;\">\n<p><a href=\"\/wp-content\/uploads\/2018\/01\/ghi_20170126.pdf\"><img loading=\"lazy\" decoding=\"async\" class=\"wp-image-4313 alignleft\" src=\"https:\/\/firm4sale.ch\/wp-content\/uploads\/2018\/01\/firm4sale_ghi-300x231.jpg\" alt=\"\" width=\"200\" height=\"154\" srcset=\"https:\/\/firm4sale.ch\/wp-content\/uploads\/2018\/01\/firm4sale_ghi-300x231.jpg 300w, https:\/\/firm4sale.ch\/wp-content\/uploads\/2018\/01\/firm4sale_ghi-600x461.jpg 600w, https:\/\/firm4sale.ch\/wp-content\/uploads\/2018\/01\/firm4sale_ghi-768x590.jpg 768w, https:\/\/firm4sale.ch\/wp-content\/uploads\/2018\/01\/firm4sale_ghi-1024x787.jpg 1024w, https:\/\/firm4sale.ch\/wp-content\/uploads\/2018\/01\/firm4sale_ghi.jpg 1076w\" sizes=\"(max-width: 200px) 100vw, 200px\" \/><\/a><\/p>\n<p>&nbsp;<\/p>\n<p><a href=\"\/wp-content\/uploads\/2018\/01\/ghi_20170126.pdf\">GHI, 25 janvier 2017 &#8211; C&rsquo;est un d\u00e9sastre annonc\u00e9 pour l&rsquo;\u00e9conomie genevoise !<\/a><\/p>\n<p><a href=\"https:\/\/www.ghi.ch\/le-journal\/la-une\/cest-un-desastre-annonce-pour-leconomie-genevoise\" target=\"_blank\" rel=\"noopener\">Lire l&rsquo;article sur le site du GHI<\/a><\/p>\n<\/div>\n<p>&nbsp;<\/p>\n<div style=\"float: left; width: 100%;\">\n<p><a href=\"\/wp-content\/uploads\/2018\/01\/leregional_20170118.pdf\"><img loading=\"lazy\" decoding=\"async\" class=\"wp-image-4325 alignleft\" src=\"https:\/\/firm4sale.ch\/wp-content\/uploads\/2018\/01\/firm4sale_leregional-300x205.jpg\" alt=\"\" width=\"200\" height=\"137\" srcset=\"https:\/\/firm4sale.ch\/wp-content\/uploads\/2018\/01\/firm4sale_leregional-300x205.jpg 300w, https:\/\/firm4sale.ch\/wp-content\/uploads\/2018\/01\/firm4sale_leregional-600x411.jpg 600w, https:\/\/firm4sale.ch\/wp-content\/uploads\/2018\/01\/firm4sale_leregional-768x526.jpg 768w, https:\/\/firm4sale.ch\/wp-content\/uploads\/2018\/01\/firm4sale_leregional-1024x701.jpg 1024w, https:\/\/firm4sale.ch\/wp-content\/uploads\/2018\/01\/firm4sale_leregional.jpg 1811w\" sizes=\"(max-width: 200px) 100vw, 200px\" \/><\/a><\/p>\n<p>&nbsp;<\/p>\n<p><a href=\"\/wp-content\/uploads\/2018\/01\/leregional_20170118.pdf\">Le R\u00e9gional, 18 janvier 2017 &#8211; Reprendre une entreprise, c&rsquo;est moins risqu\u00e9 que d&rsquo;en cr\u00e9er une<\/a><\/p>\n<p><a href=\"http:\/\/www.leregional.ch\/N93987\/comment-remettre-ou-reprendre-une-entreprise.html\" target=\"_blank\" rel=\"noopener\">Lire l&rsquo;article sur le site Le R\u00e9gional<\/a><\/p>\n<\/div>\n<p>&nbsp;<\/p>\n<div style=\"float: left; width: 100%;\">\n<p><a href=\"\/wp-content\/uploads\/2018\/01\/agefi_20161213.pdf\"><img loading=\"lazy\" decoding=\"async\" class=\"wp-image-3763 alignleft\" src=\"\/wp-content\/uploads\/2018\/01\/firm4sale_agefi.jpg\" alt=\"\" width=\"200\" height=\"300\" \/><\/a><\/p>\n<p>&nbsp;<\/p>\n<p><a href=\"\/wp-content\/uploads\/2018\/01\/agefi_20161213.pdf\">L&rsquo;AGEFI, 13 d\u00e9cembre 2016 &#8211; Fusion-acquisitions \u00e0 l&rsquo;\u00e9chelle humaine\u00a0<\/a><\/p>\n<p><a href=\"http:\/\/www.agefi.com\/quotidien-agefi\/une\/detail\/edition\/2016-12-13\/article\/firm4salech-plateforme-centralisant-les-nombreuses-offres-dachat-et-de-vente-pour-les-entreprises-suisses-442957.html\" target=\"_blank\" rel=\"noopener\">Lire l&rsquo;article sur le site de l&rsquo;AGEFI<\/a><\/p>\n<\/div>\n","protected":false},"excerpt":{"rendered":"<p>FIRM4SALE, dans les m\u00e9dias &nbsp; &nbsp; 24 heures, 17 mai 2018 &#8211; Un nouveau site facilite le rachat d\u2019une entreprise. En particulier par les cadres &nbsp; &nbsp; Le Matin Dimanche, 24 d\u00e9cembre 2017 &#8211; Il faut cr\u00e9er autre chose que ce qui existe d\u00e9j\u00e0 &nbsp; &nbsp; NyonR\u00e9gion T\u00e9l\u00e9vision, 27 avril 2017 &#8211; Le DEBAT &nbsp; [&hellip;]<\/p>\n","protected":false},"author":222,"featured_media":4315,"parent":0,"menu_order":0,"comment_status":"closed","ping_status":"closed","template":"","meta":{"_et_pb_use_builder":"","_et_pb_old_content":"","_et_gb_content_width":"","footnotes":""},"class_list":["post-4310","page","type-page","status-publish","has-post-thumbnail","hentry"],"yoast_head":"<!-- This site is optimized with the Yoast SEO plugin v27.4 - https:\/\/yoast.com\/product\/yoast-seo-wordpress\/ -->\n<title>Presse - FIRM4SALE<\/title>\n<meta name=\"robots\" content=\"index, follow, max-snippet:-1, max-image-preview:large, max-video-preview:-1\" \/>\n<link rel=\"canonical\" href=\"https:\/\/firm4sale.ch\/fr\/presse\/\" \/>\n<meta property=\"og:locale\" content=\"fr_FR\" \/>\n<meta property=\"og:type\" content=\"article\" \/>\n<meta property=\"og:title\" content=\"Presse - FIRM4SALE\" \/>\n<meta property=\"og:description\" content=\"FIRM4SALE, dans les m\u00e9dias &nbsp; &nbsp; 24 heures, 17 mai 2018 &#8211; Un nouveau site facilite le rachat d\u2019une entreprise. En particulier par les cadres &nbsp; &nbsp; Le Matin Dimanche, 24 d\u00e9cembre 2017 &#8211; Il faut cr\u00e9er autre chose que ce qui existe d\u00e9j\u00e0 &nbsp; &nbsp; NyonR\u00e9gion T\u00e9l\u00e9vision, 27 avril 2017 &#8211; Le DEBAT &nbsp; [&hellip;]\" \/>\n<meta property=\"og:url\" content=\"https:\/\/firm4sale.ch\/fr\/presse\/\" \/>\n<meta property=\"og:site_name\" content=\"FIRM4SALE\" \/>\n<meta property=\"article:publisher\" content=\"https:\/\/www.facebook.com\/Firm4Sale\/\" \/>\n<meta property=\"article:modified_time\" content=\"2018-05-18T12:34:22+00:00\" \/>\n<meta property=\"og:image\" content=\"https:\/\/firm4sale.ch\/wp-content\/uploads\/2018\/01\/firm4sale_press-scaled.jpg\" \/>\n\t<meta property=\"og:image:width\" content=\"2560\" \/>\n\t<meta property=\"og:image:height\" content=\"1707\" \/>\n\t<meta property=\"og:image:type\" content=\"image\/jpeg\" \/>\n<meta name=\"twitter:card\" content=\"summary_large_image\" \/>\n<meta name=\"twitter:label1\" content=\"Dur\u00e9e de lecture estim\u00e9e\" \/>\n\t<meta name=\"twitter:data1\" content=\"1 minute\" \/>\n<script type=\"application\/ld+json\" class=\"yoast-schema-graph\">{\"@context\":\"https:\\\/\\\/schema.org\",\"@graph\":[{\"@type\":\"WebPage\",\"@id\":\"https:\\\/\\\/firm4sale.ch\\\/fr\\\/presse\\\/\",\"url\":\"https:\\\/\\\/firm4sale.ch\\\/fr\\\/presse\\\/\",\"name\":\"Presse - FIRM4SALE\",\"isPartOf\":{\"@id\":\"https:\\\/\\\/firm4sale.ch\\\/fr\\\/#website\"},\"primaryImageOfPage\":{\"@id\":\"https:\\\/\\\/firm4sale.ch\\\/fr\\\/presse\\\/#primaryimage\"},\"image\":{\"@id\":\"https:\\\/\\\/firm4sale.ch\\\/fr\\\/presse\\\/#primaryimage\"},\"thumbnailUrl\":\"https:\\\/\\\/firm4sale.ch\\\/wp-content\\\/uploads\\\/2018\\\/01\\\/firm4sale_press-scaled.jpg\",\"datePublished\":\"2018-01-11T08:03:29+00:00\",\"dateModified\":\"2018-05-18T12:34:22+00:00\",\"breadcrumb\":{\"@id\":\"https:\\\/\\\/firm4sale.ch\\\/fr\\\/presse\\\/#breadcrumb\"},\"inLanguage\":\"fr-FR\",\"potentialAction\":[{\"@type\":\"ReadAction\",\"target\":[\"https:\\\/\\\/firm4sale.ch\\\/fr\\\/presse\\\/\"]}]},{\"@type\":\"ImageObject\",\"inLanguage\":\"fr-FR\",\"@id\":\"https:\\\/\\\/firm4sale.ch\\\/fr\\\/presse\\\/#primaryimage\",\"url\":\"https:\\\/\\\/firm4sale.ch\\\/wp-content\\\/uploads\\\/2018\\\/01\\\/firm4sale_press-scaled.jpg\",\"contentUrl\":\"https:\\\/\\\/firm4sale.ch\\\/wp-content\\\/uploads\\\/2018\\\/01\\\/firm4sale_press-scaled.jpg\",\"width\":2560,\"height\":1707},{\"@type\":\"BreadcrumbList\",\"@id\":\"https:\\\/\\\/firm4sale.ch\\\/fr\\\/presse\\\/#breadcrumb\",\"itemListElement\":[{\"@type\":\"ListItem\",\"position\":1,\"name\":\"Accueil\",\"item\":\"https:\\\/\\\/firm4sale.ch\\\/fr\\\/\"},{\"@type\":\"ListItem\",\"position\":2,\"name\":\"Presse\"}]},{\"@type\":\"WebSite\",\"@id\":\"https:\\\/\\\/firm4sale.ch\\\/fr\\\/#website\",\"url\":\"https:\\\/\\\/firm4sale.ch\\\/fr\\\/\",\"name\":\"FIRM4SALE\",\"description\":\"\u200bL&#039;unique site de rencontres qui met directement en relation vendeurs et acheteurs d&#039;entreprises.\",\"publisher\":{\"@id\":\"https:\\\/\\\/firm4sale.ch\\\/fr\\\/#organization\"},\"potentialAction\":[{\"@type\":\"SearchAction\",\"target\":{\"@type\":\"EntryPoint\",\"urlTemplate\":\"https:\\\/\\\/firm4sale.ch\\\/fr\\\/?s={search_term_string}\"},\"query-input\":{\"@type\":\"PropertyValueSpecification\",\"valueRequired\":true,\"valueName\":\"search_term_string\"}}],\"inLanguage\":\"fr-FR\"},{\"@type\":\"Organization\",\"@id\":\"https:\\\/\\\/firm4sale.ch\\\/fr\\\/#organization\",\"name\":\"FIRM4SALE\",\"url\":\"https:\\\/\\\/firm4sale.ch\\\/fr\\\/\",\"logo\":{\"@type\":\"ImageObject\",\"inLanguage\":\"fr-FR\",\"@id\":\"https:\\\/\\\/firm4sale.ch\\\/fr\\\/#\\\/schema\\\/logo\\\/image\\\/\",\"url\":\"\",\"contentUrl\":\"\",\"caption\":\"FIRM4SALE\"},\"image\":{\"@id\":\"https:\\\/\\\/firm4sale.ch\\\/fr\\\/#\\\/schema\\\/logo\\\/image\\\/\"},\"sameAs\":[\"https:\\\/\\\/www.facebook.com\\\/Firm4Sale\\\/\"]}]}<\/script>\n<!-- \/ Yoast SEO plugin. -->","yoast_head_json":{"title":"Presse - FIRM4SALE","robots":{"index":"index","follow":"follow","max-snippet":"max-snippet:-1","max-image-preview":"max-image-preview:large","max-video-preview":"max-video-preview:-1"},"canonical":"https:\/\/firm4sale.ch\/fr\/presse\/","og_locale":"fr_FR","og_type":"article","og_title":"Presse - FIRM4SALE","og_description":"FIRM4SALE, dans les m\u00e9dias &nbsp; &nbsp; 24 heures, 17 mai 2018 &#8211; Un nouveau site facilite le rachat d\u2019une entreprise. En particulier par les cadres &nbsp; &nbsp; Le Matin Dimanche, 24 d\u00e9cembre 2017 &#8211; Il faut cr\u00e9er autre chose que ce qui existe d\u00e9j\u00e0 &nbsp; &nbsp; NyonR\u00e9gion T\u00e9l\u00e9vision, 27 avril 2017 &#8211; Le DEBAT &nbsp; [&hellip;]","og_url":"https:\/\/firm4sale.ch\/fr\/presse\/","og_site_name":"FIRM4SALE","article_publisher":"https:\/\/www.facebook.com\/Firm4Sale\/","article_modified_time":"2018-05-18T12:34:22+00:00","og_image":[{"width":2560,"height":1707,"url":"https:\/\/firm4sale.ch\/wp-content\/uploads\/2018\/01\/firm4sale_press-scaled.jpg","type":"image\/jpeg"}],"twitter_card":"summary_large_image","twitter_misc":{"Dur\u00e9e de lecture estim\u00e9e":"1 minute"},"schema":{"@context":"https:\/\/schema.org","@graph":[{"@type":"WebPage","@id":"https:\/\/firm4sale.ch\/fr\/presse\/","url":"https:\/\/firm4sale.ch\/fr\/presse\/","name":"Presse - FIRM4SALE","isPartOf":{"@id":"https:\/\/firm4sale.ch\/fr\/#website"},"primaryImageOfPage":{"@id":"https:\/\/firm4sale.ch\/fr\/presse\/#primaryimage"},"image":{"@id":"https:\/\/firm4sale.ch\/fr\/presse\/#primaryimage"},"thumbnailUrl":"https:\/\/firm4sale.ch\/wp-content\/uploads\/2018\/01\/firm4sale_press-scaled.jpg","datePublished":"2018-01-11T08:03:29+00:00","dateModified":"2018-05-18T12:34:22+00:00","breadcrumb":{"@id":"https:\/\/firm4sale.ch\/fr\/presse\/#breadcrumb"},"inLanguage":"fr-FR","potentialAction":[{"@type":"ReadAction","target":["https:\/\/firm4sale.ch\/fr\/presse\/"]}]},{"@type":"ImageObject","inLanguage":"fr-FR","@id":"https:\/\/firm4sale.ch\/fr\/presse\/#primaryimage","url":"https:\/\/firm4sale.ch\/wp-content\/uploads\/2018\/01\/firm4sale_press-scaled.jpg","contentUrl":"https:\/\/firm4sale.ch\/wp-content\/uploads\/2018\/01\/firm4sale_press-scaled.jpg","width":2560,"height":1707},{"@type":"BreadcrumbList","@id":"https:\/\/firm4sale.ch\/fr\/presse\/#breadcrumb","itemListElement":[{"@type":"ListItem","position":1,"name":"Accueil","item":"https:\/\/firm4sale.ch\/fr\/"},{"@type":"ListItem","position":2,"name":"Presse"}]},{"@type":"WebSite","@id":"https:\/\/firm4sale.ch\/fr\/#website","url":"https:\/\/firm4sale.ch\/fr\/","name":"FIRM4SALE","description":"\u200bL&#039;unique site de rencontres qui met directement en relation vendeurs et acheteurs d&#039;entreprises.","publisher":{"@id":"https:\/\/firm4sale.ch\/fr\/#organization"},"potentialAction":[{"@type":"SearchAction","target":{"@type":"EntryPoint","urlTemplate":"https:\/\/firm4sale.ch\/fr\/?s={search_term_string}"},"query-input":{"@type":"PropertyValueSpecification","valueRequired":true,"valueName":"search_term_string"}}],"inLanguage":"fr-FR"},{"@type":"Organization","@id":"https:\/\/firm4sale.ch\/fr\/#organization","name":"FIRM4SALE","url":"https:\/\/firm4sale.ch\/fr\/","logo":{"@type":"ImageObject","inLanguage":"fr-FR","@id":"https:\/\/firm4sale.ch\/fr\/#\/schema\/logo\/image\/","url":"","contentUrl":"","caption":"FIRM4SALE"},"image":{"@id":"https:\/\/firm4sale.ch\/fr\/#\/schema\/logo\/image\/"},"sameAs":["https:\/\/www.facebook.com\/Firm4Sale\/"]}]}},"_links":{"self":[{"href":"https:\/\/firm4sale.ch\/fr\/wp-json\/wp\/v2\/pages\/4310","targetHints":{"allow":["GET"]}}],"collection":[{"href":"https:\/\/firm4sale.ch\/fr\/wp-json\/wp\/v2\/pages"}],"about":[{"href":"https:\/\/firm4sale.ch\/fr\/wp-json\/wp\/v2\/types\/page"}],"author":[{"embeddable":true,"href":"https:\/\/firm4sale.ch\/fr\/wp-json\/wp\/v2\/users\/222"}],"replies":[{"embeddable":true,"href":"https:\/\/firm4sale.ch\/fr\/wp-json\/wp\/v2\/comments?post=4310"}],"version-history":[{"count":12,"href":"https:\/\/firm4sale.ch\/fr\/wp-json\/wp\/v2\/pages\/4310\/revisions"}],"predecessor-version":[{"id":6277,"href":"https:\/\/firm4sale.ch\/fr\/wp-json\/wp\/v2\/pages\/4310\/revisions\/6277"}],"wp:featuredmedia":[{"embeddable":true,"href":"https:\/\/firm4sale.ch\/fr\/wp-json\/wp\/v2\/media\/4315"}],"wp:attachment":[{"href":"https:\/\/firm4sale.ch\/fr\/wp-json\/wp\/v2\/media?parent=4310"}],"curies":[{"name":"wp","href":"https:\/\/api.w.org\/{rel}","templated":true}]}}