{"id":4919,"date":"2018-02-26T09:46:12","date_gmt":"2018-02-26T08:46:12","guid":{"rendered":"https:\/\/firm4sale.ch\/?page_id=4919"},"modified":"2018-05-22T14:44:27","modified_gmt":"2018-05-22T12:44:27","slug":"protection-des-donnees","status":"publish","type":"page","link":"https:\/\/firm4sale.ch\/fr\/protection-des-donnees\/","title":{"rendered":"Protection des donn\u00e9es"},"content":{"rendered":"<h3><strong>Politique de confidentialit\u00e9<\/strong><\/h3>\n<p>Le respect de la confidentialit\u00e9 est inscrit dans les g\u00e8nes de FIRM4SALE. La pr\u00e9sente politique de confidentialit\u00e9 s&rsquo;applique \u00e0 tous nos services. Ce service n&rsquo;est con\u00e7u que pour des personnes domicili\u00e9es en Suisse et \u00e2g\u00e9es de plus de 18 ans<br \/>\nBien que nous esp\u00e9rons vous conserver comme client et\/ou utilisateur, si vous n&rsquo;\u00eates pas d&rsquo;accord avec nos conditions g\u00e9n\u00e9rales et\/ou notre politique de protection des donn\u00e9es d\u00e9crite ci-dessous, nous vous prions de ne pas consulter le site et de ne pas vous y inscrire.<\/p>\n<h3><strong>Utilisation de cookies sur notre site<\/strong><\/h3>\n<p>Nous utilisons des cookies uniquement dans le but d\u2019am\u00e9liorer l\u2019exp\u00e9rience des visiteurs. Les donn\u00e9es collect\u00e9es sont purement anonymes (ip, localisation, syst\u00e8me d\u2019exploitation, navigateur, etc.), aucune donn\u00e9e personnelle n\u2019est r\u00e9cup\u00e9r\u00e9e ou conserv\u00e9e par ce biais.<\/p>\n<h3><strong>Donn\u00e9es collect\u00e9es par nos formulaires<\/strong><\/h3>\n<p>Nous ne collectons des donn\u00e9es nominatives que par l\u2019interm\u00e9diaire des diff\u00e9rents formulaires pr\u00e9sents sur notre site (demande de service, abonnement \u00e0 notre newsletter, formulaire de contact). Afin de respecter la l\u00e9gislation en vigueur nous pouvons acc\u00e9der aux messages transmis ou re\u00e7us par les utilisateurs et clients et les transmettre aux forces de l&rsquo;ordre et demandes l\u00e9gales si elles sont frauduleuses, injurieuses ou menacent l&rsquo;ordre public, la s\u00e9curit\u00e9 publique ou celle du site . Pour votre s\u00e9curit\u00e9, veuillez ne faire aucune n\u00e9gociation par l&rsquo;entremise de la messagerie. Celle-ci ne doit servir qu&rsquo;\u00e0 cr\u00e9er un premier contact entre un acheteur potentiel et un vendeur potentiel, dans les deux sens.<br \/>\nCes donn\u00e9es ne vous sont demand\u00e9es que dans le contexte de l\u2019activit\u00e9 commerciale, nous ne les conservons que dans le but de la poursuite de cette activit\u00e9 et elles ne sont pas transmises \u00e0 des tiers, si ce n&rsquo;est aux fournisseurs de services tiers qui s&rsquo;occupent de la gestion informatique de notre site.<\/p>\n<h3><strong>Protection de votre compte<\/strong><\/h3>\n<p>Vous \u00eates responsable de la protection de votre appareil et de votre compte. Vous devez nous informer sans d\u00e9lai de toute utilisation non autoris\u00e9e de votre compte ou de toute infraction \u00e0 la s\u00e9curit\u00e9.<\/p>\n<h3><strong>H\u00e9bergement des donn\u00e9es<\/strong><\/h3>\n<p>Les donn\u00e9es de notre site sont h\u00e9berg\u00e9es en Suisse. Par contre les donn\u00e9es provenant de vos courriels et celles collect\u00e9es par Google et Facebook peuvent \u00eatre h\u00e9berg\u00e9es n&rsquo;importe o\u00f9 dans le monde. Veuillez pour cela vous r\u00e9f\u00e9rer aux conditions et \u00e0 la politique de confidentialit\u00e9 de ces soci\u00e9t\u00e9s.<\/p>\n<h3><strong>Comment exercer vos droits<\/strong><\/h3>\n<p>En vertu du R\u00e8glement g\u00e9n\u00e9ral sur la protection des donn\u00e9es et de toute l\u00e9gislation applicable, vous pouvez demander \u00e0 tout moment l&rsquo;effacement de toutes vos donn\u00e9es en nous \u00e9crivant sous enveloppe ferm\u00e9e \u00e0 l&rsquo;adresse: D\u00e9l\u00e9gu\u00e9 \u00e0 la protection des donn\u00e9es, FIRM4SALE, chemin du Petit-Pont 1, 1185 Mont-sur-Rolle<\/p>\n<h3><strong>Comment modifier votre adressse et votre num\u00e9ro de t\u00e9l\u00e9phone<\/strong><\/h3>\n<p>Vous pouvez \u00e0 tout moment actualiser les informations que vous avez enregistr\u00e9es sous param\u00e8tres du compte lorsque vous \u00eates connect\u00e9. Nous n&rsquo;acceptons que les donn\u00e9es qui nous semblent justes et compl\u00e8tes. Nous nous permettons de modifier ou supprimer tout compte ouvert sous une fausse identit\u00e9 ou de fa\u00e7on volontairement incompl\u00e8te.<\/p>\n<h3><strong>Donn\u00e9es collect\u00e9es par les balises de tra\u00e7age Facebook et Google Adwords \/ Analytics<\/strong><\/h3>\n<p>Nous utilisons sur notre site des balises \/ pixel de tra\u00e7age Facebook et Google Adwords \/ Analytics. Nous ne nous servons de ces outils que dans le but de mieux conna\u00eetre les activit\u00e9s des visiteurs sur notre site afin d\u2019am\u00e9liorer nos services. Les donn\u00e9es sont collect\u00e9es par Facebook et Google directement et ne sont aucunement conserv\u00e9es sur notre site.<\/p>\n<p>Facebook et Google se r\u00e9servent le droit d\u2019utiliser ces donn\u00e9es dans le but de cibler leurs publicit\u00e9s mais dans les deux cas, vous avez la possibilit\u00e9 de modifier l\u2019utilisation de ces donn\u00e9es dans les param\u00e8tres de vos comptes.<\/p>\n<p>Informations pour Facebook : <a href=\"https:\/\/fr-fr.facebook.com\/help\/568137493302217\">https:\/\/fr-fr.facebook.com\/help\/568137493302217<\/a><br \/>\nInformations pour Google : <a href=\"https:\/\/support.google.com\/ads\/answer\/2662922?hl=fr\">https:\/\/support.google.com\/ads\/answer\/2662922?hl=fr<\/a><\/p>\n<h3><strong>R\u00e9siliation<\/strong><\/h3>\n<p>Bien que nous esp\u00e9rons vous conserver comme client et\/ou utilisateur, si vous n&rsquo;\u00eates pas d&rsquo;accord avec nos conditions g\u00e9n\u00e9rales et\/ou notre charte de protection des donn\u00e9es, nous vous prions de ne pas consulter le site, de ne pas vous y inscrire ou de demander la radiation de toutes vos donn\u00e9es sous pli ferm\u00e9 \u00e0 FIRM4SALE, A l&rsquo;att. du D\u00e9l\u00e9gu\u00e9 \u00e0 la protection des donn\u00e9es,chemin du Petit-Pont 1, 1185 Mont-sur-Rolle<\/p>\n<h3><strong>Comment contacter le D\u00e9l\u00e9gu\u00e9 \u00e0 la protection des donn\u00e9es<\/strong><\/h3>\n<p>Il est possible de contacter le D\u00e9l\u00e9gu\u00e9 \u00e0 la protection des donn\u00e9es en vous adressant \u00e0<br \/>\nFIRM4SALE, A l&rsquo;att. du D\u00e9l\u00e9gu\u00e9 \u00e0 la protection des donn\u00e9es,chemin du Petit-Pont 1, 1185 Mont-sur-Rolle<br \/>\nVous avez la possibilit\u00e9 de d\u00e9poser une r\u00e9clamation aupr\u00e8s de l&rsquo;autorit\u00e9 de contr\u00f4le, le pr\u00e9pos\u00e9 \u00e0 la protection des donn\u00e9es du canton de Vaud ou au commissaire de la protection des donn\u00e9es de votre pays, si vous \u00eates Europ\u00e9en. <\/p>\n<h3><strong>Mise \u00e0 jour de notre politique de confidentialit\u00e9<\/strong><\/h3>\n<p>Nous nous r\u00e9servons le droit de modifier en tout temps nos conditions g\u00e9n\u00e9rales et notre politique de confidentialit\u00e9. Nous vous prions donc de v\u00e9rifier lors de chaque utilisation que les conditions et la politique n&rsquo;ont pas \u00e9t\u00e9 modifi\u00e9es en consultant la date de la version.<br \/>\nVersion du 22 mai 2018<\/p>\n","protected":false},"excerpt":{"rendered":"<p>Politique de confidentialit\u00e9 Le respect de la confidentialit\u00e9 est inscrit dans les g\u00e8nes de FIRM4SALE. La pr\u00e9sente politique de confidentialit\u00e9 s&rsquo;applique \u00e0 tous nos services. Ce service n&rsquo;est con\u00e7u que pour des personnes domicili\u00e9es en Suisse et \u00e2g\u00e9es de plus de 18 ans Bien que nous esp\u00e9rons vous conserver comme client et\/ou utilisateur, si vous [&hellip;]<\/p>\n","protected":false},"author":222,"featured_media":513,"parent":0,"menu_order":0,"comment_status":"closed","ping_status":"closed","template":"","meta":{"_et_pb_use_builder":"","_et_pb_old_content":"","_et_gb_content_width":"","footnotes":""},"class_list":["post-4919","page","type-page","status-publish","has-post-thumbnail","hentry"],"yoast_head":"<!-- This site is optimized with the Yoast SEO plugin v27.4 - https:\/\/yoast.com\/product\/yoast-seo-wordpress\/ -->\n<title>Protection des donn\u00e9es - FIRM4SALE<\/title>\n<meta name=\"robots\" content=\"index, follow, max-snippet:-1, max-image-preview:large, max-video-preview:-1\" \/>\n<link rel=\"canonical\" href=\"https:\/\/firm4sale.ch\/fr\/protection-des-donnees\/?lang=fr\" \/>\n<meta property=\"og:locale\" content=\"fr_FR\" \/>\n<meta property=\"og:type\" content=\"article\" \/>\n<meta property=\"og:title\" content=\"Protection des donn\u00e9es - FIRM4SALE\" \/>\n<meta property=\"og:description\" content=\"Politique de confidentialit\u00e9 Le respect de la confidentialit\u00e9 est inscrit dans les g\u00e8nes de FIRM4SALE. La pr\u00e9sente politique de confidentialit\u00e9 s&rsquo;applique \u00e0 tous nos services. Ce service n&rsquo;est con\u00e7u que pour des personnes domicili\u00e9es en Suisse et \u00e2g\u00e9es de plus de 18 ans Bien que nous esp\u00e9rons vous conserver comme client et\/ou utilisateur, si vous [&hellip;]\" \/>\n<meta property=\"og:url\" content=\"https:\/\/firm4sale.ch\/protection-des-donnees\/?lang=fr\" \/>\n<meta property=\"og:site_name\" content=\"FIRM4SALE\" \/>\n<meta property=\"article:publisher\" content=\"https:\/\/www.facebook.com\/Firm4Sale\/\" \/>\n<meta property=\"article:modified_time\" content=\"2018-05-22T12:44:27+00:00\" \/>\n<meta property=\"og:image\" content=\"https:\/\/firm4sale.ch\/wp-content\/uploads\/2017\/01\/cv.jpg\" \/>\n\t<meta property=\"og:image:width\" content=\"1920\" \/>\n\t<meta property=\"og:image:height\" content=\"1280\" \/>\n\t<meta property=\"og:image:type\" content=\"image\/jpeg\" \/>\n<meta name=\"twitter:card\" content=\"summary_large_image\" \/>\n<meta name=\"twitter:label1\" content=\"Dur\u00e9e de lecture estim\u00e9e\" \/>\n\t<meta name=\"twitter:data1\" content=\"5 minutes\" \/>\n<script type=\"application\/ld+json\" class=\"yoast-schema-graph\">{\"@context\":\"https:\\\/\\\/schema.org\",\"@graph\":[{\"@type\":\"WebPage\",\"@id\":\"https:\\\/\\\/firm4sale.ch\\\/fr\\\/protection-des-donnees\\\/\",\"url\":\"https:\\\/\\\/firm4sale.ch\\\/protection-des-donnees\\\/?lang=fr\",\"name\":\"Protection des donn\u00e9es - FIRM4SALE\",\"isPartOf\":{\"@id\":\"https:\\\/\\\/firm4sale.ch\\\/fr\\\/#website\"},\"primaryImageOfPage\":{\"@id\":\"https:\\\/\\\/firm4sale.ch\\\/protection-des-donnees\\\/?lang=fr#primaryimage\"},\"image\":{\"@id\":\"https:\\\/\\\/firm4sale.ch\\\/protection-des-donnees\\\/?lang=fr#primaryimage\"},\"thumbnailUrl\":\"https:\\\/\\\/firm4sale.ch\\\/wp-content\\\/uploads\\\/2017\\\/01\\\/cv.jpg\",\"datePublished\":\"2018-02-26T08:46:12+00:00\",\"dateModified\":\"2018-05-22T12:44:27+00:00\",\"breadcrumb\":{\"@id\":\"https:\\\/\\\/firm4sale.ch\\\/protection-des-donnees\\\/?lang=fr#breadcrumb\"},\"inLanguage\":\"fr-FR\",\"potentialAction\":[{\"@type\":\"ReadAction\",\"target\":[\"https:\\\/\\\/firm4sale.ch\\\/protection-des-donnees\\\/?lang=fr\"]}]},{\"@type\":\"ImageObject\",\"inLanguage\":\"fr-FR\",\"@id\":\"https:\\\/\\\/firm4sale.ch\\\/protection-des-donnees\\\/?lang=fr#primaryimage\",\"url\":\"https:\\\/\\\/firm4sale.ch\\\/wp-content\\\/uploads\\\/2017\\\/01\\\/cv.jpg\",\"contentUrl\":\"https:\\\/\\\/firm4sale.ch\\\/wp-content\\\/uploads\\\/2017\\\/01\\\/cv.jpg\",\"width\":1920,\"height\":1280},{\"@type\":\"BreadcrumbList\",\"@id\":\"https:\\\/\\\/firm4sale.ch\\\/protection-des-donnees\\\/?lang=fr#breadcrumb\",\"itemListElement\":[{\"@type\":\"ListItem\",\"position\":1,\"name\":\"Accueil\",\"item\":\"https:\\\/\\\/firm4sale.ch\\\/fr\\\/\"},{\"@type\":\"ListItem\",\"position\":2,\"name\":\"Protection des donn\u00e9es\"}]},{\"@type\":\"WebSite\",\"@id\":\"https:\\\/\\\/firm4sale.ch\\\/fr\\\/#website\",\"url\":\"https:\\\/\\\/firm4sale.ch\\\/fr\\\/\",\"name\":\"FIRM4SALE\",\"description\":\"\u200bL&#039;unique site de rencontres qui met directement en relation vendeurs et acheteurs d&#039;entreprises.\",\"publisher\":{\"@id\":\"https:\\\/\\\/firm4sale.ch\\\/fr\\\/#organization\"},\"potentialAction\":[{\"@type\":\"SearchAction\",\"target\":{\"@type\":\"EntryPoint\",\"urlTemplate\":\"https:\\\/\\\/firm4sale.ch\\\/fr\\\/?s={search_term_string}\"},\"query-input\":{\"@type\":\"PropertyValueSpecification\",\"valueRequired\":true,\"valueName\":\"search_term_string\"}}],\"inLanguage\":\"fr-FR\"},{\"@type\":\"Organization\",\"@id\":\"https:\\\/\\\/firm4sale.ch\\\/fr\\\/#organization\",\"name\":\"FIRM4SALE\",\"url\":\"https:\\\/\\\/firm4sale.ch\\\/fr\\\/\",\"logo\":{\"@type\":\"ImageObject\",\"inLanguage\":\"fr-FR\",\"@id\":\"https:\\\/\\\/firm4sale.ch\\\/fr\\\/#\\\/schema\\\/logo\\\/image\\\/\",\"url\":\"\",\"contentUrl\":\"\",\"caption\":\"FIRM4SALE\"},\"image\":{\"@id\":\"https:\\\/\\\/firm4sale.ch\\\/fr\\\/#\\\/schema\\\/logo\\\/image\\\/\"},\"sameAs\":[\"https:\\\/\\\/www.facebook.com\\\/Firm4Sale\\\/\"]}]}<\/script>\n<!-- \/ Yoast SEO plugin. -->","yoast_head_json":{"title":"Protection des donn\u00e9es - FIRM4SALE","robots":{"index":"index","follow":"follow","max-snippet":"max-snippet:-1","max-image-preview":"max-image-preview:large","max-video-preview":"max-video-preview:-1"},"canonical":"https:\/\/firm4sale.ch\/fr\/protection-des-donnees\/?lang=fr","og_locale":"fr_FR","og_type":"article","og_title":"Protection des donn\u00e9es - FIRM4SALE","og_description":"Politique de confidentialit\u00e9 Le respect de la confidentialit\u00e9 est inscrit dans les g\u00e8nes de FIRM4SALE. La pr\u00e9sente politique de confidentialit\u00e9 s&rsquo;applique \u00e0 tous nos services. Ce service n&rsquo;est con\u00e7u que pour des personnes domicili\u00e9es en Suisse et \u00e2g\u00e9es de plus de 18 ans Bien que nous esp\u00e9rons vous conserver comme client et\/ou utilisateur, si vous [&hellip;]","og_url":"https:\/\/firm4sale.ch\/protection-des-donnees\/?lang=fr","og_site_name":"FIRM4SALE","article_publisher":"https:\/\/www.facebook.com\/Firm4Sale\/","article_modified_time":"2018-05-22T12:44:27+00:00","og_image":[{"width":1920,"height":1280,"url":"https:\/\/firm4sale.ch\/wp-content\/uploads\/2017\/01\/cv.jpg","type":"image\/jpeg"}],"twitter_card":"summary_large_image","twitter_misc":{"Dur\u00e9e de lecture estim\u00e9e":"5 minutes"},"schema":{"@context":"https:\/\/schema.org","@graph":[{"@type":"WebPage","@id":"https:\/\/firm4sale.ch\/fr\/protection-des-donnees\/","url":"https:\/\/firm4sale.ch\/protection-des-donnees\/?lang=fr","name":"Protection des donn\u00e9es - FIRM4SALE","isPartOf":{"@id":"https:\/\/firm4sale.ch\/fr\/#website"},"primaryImageOfPage":{"@id":"https:\/\/firm4sale.ch\/protection-des-donnees\/?lang=fr#primaryimage"},"image":{"@id":"https:\/\/firm4sale.ch\/protection-des-donnees\/?lang=fr#primaryimage"},"thumbnailUrl":"https:\/\/firm4sale.ch\/wp-content\/uploads\/2017\/01\/cv.jpg","datePublished":"2018-02-26T08:46:12+00:00","dateModified":"2018-05-22T12:44:27+00:00","breadcrumb":{"@id":"https:\/\/firm4sale.ch\/protection-des-donnees\/?lang=fr#breadcrumb"},"inLanguage":"fr-FR","potentialAction":[{"@type":"ReadAction","target":["https:\/\/firm4sale.ch\/protection-des-donnees\/?lang=fr"]}]},{"@type":"ImageObject","inLanguage":"fr-FR","@id":"https:\/\/firm4sale.ch\/protection-des-donnees\/?lang=fr#primaryimage","url":"https:\/\/firm4sale.ch\/wp-content\/uploads\/2017\/01\/cv.jpg","contentUrl":"https:\/\/firm4sale.ch\/wp-content\/uploads\/2017\/01\/cv.jpg","width":1920,"height":1280},{"@type":"BreadcrumbList","@id":"https:\/\/firm4sale.ch\/protection-des-donnees\/?lang=fr#breadcrumb","itemListElement":[{"@type":"ListItem","position":1,"name":"Accueil","item":"https:\/\/firm4sale.ch\/fr\/"},{"@type":"ListItem","position":2,"name":"Protection des donn\u00e9es"}]},{"@type":"WebSite","@id":"https:\/\/firm4sale.ch\/fr\/#website","url":"https:\/\/firm4sale.ch\/fr\/","name":"FIRM4SALE","description":"\u200bL&#039;unique site de rencontres qui met directement en relation vendeurs et acheteurs d&#039;entreprises.","publisher":{"@id":"https:\/\/firm4sale.ch\/fr\/#organization"},"potentialAction":[{"@type":"SearchAction","target":{"@type":"EntryPoint","urlTemplate":"https:\/\/firm4sale.ch\/fr\/?s={search_term_string}"},"query-input":{"@type":"PropertyValueSpecification","valueRequired":true,"valueName":"search_term_string"}}],"inLanguage":"fr-FR"},{"@type":"Organization","@id":"https:\/\/firm4sale.ch\/fr\/#organization","name":"FIRM4SALE","url":"https:\/\/firm4sale.ch\/fr\/","logo":{"@type":"ImageObject","inLanguage":"fr-FR","@id":"https:\/\/firm4sale.ch\/fr\/#\/schema\/logo\/image\/","url":"","contentUrl":"","caption":"FIRM4SALE"},"image":{"@id":"https:\/\/firm4sale.ch\/fr\/#\/schema\/logo\/image\/"},"sameAs":["https:\/\/www.facebook.com\/Firm4Sale\/"]}]}},"_links":{"self":[{"href":"https:\/\/firm4sale.ch\/fr\/wp-json\/wp\/v2\/pages\/4919","targetHints":{"allow":["GET"]}}],"collection":[{"href":"https:\/\/firm4sale.ch\/fr\/wp-json\/wp\/v2\/pages"}],"about":[{"href":"https:\/\/firm4sale.ch\/fr\/wp-json\/wp\/v2\/types\/page"}],"author":[{"embeddable":true,"href":"https:\/\/firm4sale.ch\/fr\/wp-json\/wp\/v2\/users\/222"}],"replies":[{"embeddable":true,"href":"https:\/\/firm4sale.ch\/fr\/wp-json\/wp\/v2\/comments?post=4919"}],"version-history":[{"count":6,"href":"https:\/\/firm4sale.ch\/fr\/wp-json\/wp\/v2\/pages\/4919\/revisions"}],"predecessor-version":[{"id":6322,"href":"https:\/\/firm4sale.ch\/fr\/wp-json\/wp\/v2\/pages\/4919\/revisions\/6322"}],"wp:featuredmedia":[{"embeddable":true,"href":"https:\/\/firm4sale.ch\/fr\/wp-json\/wp\/v2\/media\/513"}],"wp:attachment":[{"href":"https:\/\/firm4sale.ch\/fr\/wp-json\/wp\/v2\/media?parent=4919"}],"curies":[{"name":"wp","href":"https:\/\/api.w.org\/{rel}","templated":true}]}}