{"id":7938,"date":"2018-07-17T09:13:52","date_gmt":"2018-07-17T07:13:52","guid":{"rendered":"https:\/\/firm4sale.ch\/?page_id=7938"},"modified":"2022-06-05T19:16:26","modified_gmt":"2022-06-05T17:16:26","slug":"financer-l-acquisition-d-une-societe","status":"publish","type":"page","link":"https:\/\/firm4sale.ch\/fr\/financer-l-acquisition-d-une-societe\/","title":{"rendered":"Financer l&rsquo;acquisition d&rsquo;une soci\u00e9t\u00e9"},"content":{"rendered":"\n<h1 class=\"has-text-align-center wp-block-heading\">Financer l&rsquo;acquisition d&rsquo;une soci\u00e9t\u00e9<\/h1>\n\n\n\n<p class=\"has-text-align-center\">Notre syst\u00e8me r\u00e9unit des entrepreneurs ayant besoin de capitaux avec des milliers d\u2019investisseurs int\u00e9ress\u00e9s par un placement. Les cr\u00e9dits accord\u00e9s aux entreprises peuvent \u00eatre utilis\u00e9s comme pr\u00e9-financement, comme investissement ou pour financer l\u2019acquisition d\u2019une soci\u00e9t\u00e9.<\/p>\n\n\n\n<div class=\"wp-block-columns is-layout-flex wp-container-core-columns-is-layout-9d6595d7 wp-block-columns-is-layout-flex\">\n<div class=\"wp-block-column is-layout-flow wp-block-column-is-layout-flow\">\n<h2 class=\"has-text-align-center wp-block-heading\">Pour le vendeur<\/h2>\n\n\n\n<figure class=\"wp-block-image aligncenter size-full\"><img loading=\"lazy\" decoding=\"async\" width=\"335\" height=\"340\" src=\"https:\/\/firm4sale.ch\/wp-content\/uploads\/2018\/07\/f4s-vendeur.jpg\" alt=\"\" class=\"wp-image-7932\" srcset=\"https:\/\/firm4sale.ch\/wp-content\/uploads\/2018\/07\/f4s-vendeur.jpg 335w, https:\/\/firm4sale.ch\/wp-content\/uploads\/2018\/07\/f4s-vendeur-100x100.jpg 100w, https:\/\/firm4sale.ch\/wp-content\/uploads\/2018\/07\/f4s-vendeur-296x300.jpg 296w\" sizes=\"(max-width: 335px) 100vw, 335px\" \/><\/figure>\n\n\n\n<ul class=\"wp-block-list\"><li>Solution alternative au pr\u00eat et \u00e0 la compensation totale pr\u00e9alable<\/li><li>Communication de la solvabilit\u00e9 de l\u2019entreprise et pr\u00e9paration du financement<\/li><li>Ind\u00e9pendance de la performance du successeur<\/li><\/ul>\n<\/div>\n\n\n\n<div class=\"wp-block-column is-layout-flow wp-block-column-is-layout-flow\">\n<h2 class=\"has-text-align-center wp-block-heading\">Pour l&rsquo;acheteur<\/h2>\n\n\n\n<figure class=\"wp-block-image aligncenter size-full\"><img loading=\"lazy\" decoding=\"async\" width=\"335\" height=\"340\" src=\"https:\/\/firm4sale.ch\/wp-content\/uploads\/2018\/07\/f4s-acheteur.jpg\" alt=\"\" class=\"wp-image-7930\" srcset=\"https:\/\/firm4sale.ch\/wp-content\/uploads\/2018\/07\/f4s-acheteur.jpg 335w, https:\/\/firm4sale.ch\/wp-content\/uploads\/2018\/07\/f4s-acheteur-100x100.jpg 100w, https:\/\/firm4sale.ch\/wp-content\/uploads\/2018\/07\/f4s-acheteur-296x300.jpg 296w\" sizes=\"(max-width: 335px) 100vw, 335px\" \/><\/figure>\n\n\n\n<ul class=\"wp-block-list\"><li>Solution de financement simple et pratique<\/li><li>Financement du prix d\u2019achat d\u2019une entreprise jusqu\u2019\u00e0 70% au maximum<\/li><li>V\u00e9rification professionnelle de l\u2019enterprises propos\u00e9e \u00e0 la vente<\/li><\/ul>\n<\/div>\n<\/div>\n\n\n\n<h2 class=\"has-text-align-center wp-block-heading\">Voil\u00e0 comme cela fonctionne<\/h2>\n\n\n\n<h3 class=\"has-text-align-center wp-block-heading\"><strong>Financement du prix d\u2019achat d\u2019une entreprise<\/strong><\/h3>\n\n\n\n<p class=\"has-text-align-center\">Swisspeers vous offre le financement du prix d\u2019achat d\u2019une entreprise jusqu\u2019\u00e0 70% au maximum. Vous remboursez le cr\u00e9dit et les int\u00e9r\u00eats et gardez l\u2019ind\u00e9pendance propre \u00e0 tout chef d\u2019entreprise. Est-ce que vous avez d\u00e9j\u00e0 obtenu le dossier de vente? Laissez <a href=\"https:\/\/info.swisspeers.ch\/rapport-du-rating\" target=\"_blank\" rel=\"noopener\">v\u00e9rifier la solvabilit\u00e9 de l\u2019entreprise<\/a> et apprenez les conditions du financement.<\/p>\n\n\n\n<h3 class=\"has-text-align-center wp-block-heading\"><strong>Financement d\u2019une succession d\u2019entreprise<\/strong><\/h3>\n\n\n\n<p class=\"has-text-align-center\">Nous vous offrons la v\u00e9rification gratuite de la solvabilit\u00e9 de votre entreprise. Cette v\u00e9rification vous permet d\u2019informer les acheteurs potentiels des conditions de swisspeers du financement de l\u2019achat de votre entreprise. Voici la <a href=\"https:\/\/info.swisspeers.ch\/rating-firm4sale-1\" target=\"_blank\" rel=\"noopener\">v\u00e9rification gratuite de l\u2019objet propos\u00e9 \u00e0 la vente<\/a>.<\/p>\n\n\n\n<figure class=\"wp-block-image aligncenter\"><img loading=\"lazy\" decoding=\"async\" width=\"960\" height=\"560\" src=\"https:\/\/firm4sale.ch\/wp-content\/uploads\/2018\/07\/explained.jpg\" alt=\"\" class=\"wp-image-7927\" srcset=\"https:\/\/firm4sale.ch\/wp-content\/uploads\/2018\/07\/explained.jpg 960w, https:\/\/firm4sale.ch\/wp-content\/uploads\/2018\/07\/explained-600x350.jpg 600w, https:\/\/firm4sale.ch\/wp-content\/uploads\/2018\/07\/explained-300x175.jpg 300w, https:\/\/firm4sale.ch\/wp-content\/uploads\/2018\/07\/explained-768x448.jpg 768w\" sizes=\"(max-width: 960px) 100vw, 960px\" \/><\/figure>\n\n\n\n<p class=\"has-text-align-center\"><strong>Voici les trois \u00e9tapes pour obtenir votre cr\u00e9dit:<\/strong><\/p>\n\n\n\n<div class=\"wp-block-columns is-layout-flex wp-container-core-columns-is-layout-9d6595d7 wp-block-columns-is-layout-flex\">\n<div class=\"wp-block-column is-layout-flow wp-block-column-is-layout-flow\"><\/div>\n\n\n\n<div class=\"wp-block-column is-layout-flow wp-block-column-is-layout-flow\">\n<ol class=\"wp-block-list\"><li>Demander votre cr\u00e9dit sur <a href=\"https:\/\/www.swisspeers.ch\/Home\/Borrow#creditCalculator\" target=\"_blank\" rel=\"noreferrer noopener\">https:\/\/www.swisspeers.ch\/Home\/Borrow#creditCalculator<\/a><\/li><li>Description de votre projet<\/li><li>Obtention du financement<\/li><\/ol>\n<\/div>\n\n\n\n<div class=\"wp-block-column is-layout-flow wp-block-column-is-layout-flow\"><\/div>\n<\/div>\n\n\n\n<p class=\"has-text-align-center\"><strong>Nous vous conseillons de fa\u00e7on professionnelle et vous apportons notre support lors de vos acquisitions ou ventes de soci\u00e9t\u00e9s. Contactez-nous pour une premi\u00e8re consultation sans engagement de votre part.<\/strong><\/p>\n\n\n\n<p class=\"has-text-align-center\">swisspeers AG (CHE-292.634.550)<br>Z\u00fcrcherstrasse 12, 8400 Winterthur<br><a href=\"mailto:info@swisspeers.ch\">info@swisspeers.ch<\/a><br><a href=\"https:\/\/www.swisspeers.ch\" target=\"_blank\" rel=\"noopener\">https:\/\/www.swisspeers.ch<\/a><br><strong>052 511 50 80<\/strong><\/p>\n","protected":false},"excerpt":{"rendered":"<p>Financer l&rsquo;acquisition d&rsquo;une soci\u00e9t\u00e9 Notre syst\u00e8me r\u00e9unit des entrepreneurs ayant besoin de capitaux avec des milliers d\u2019investisseurs int\u00e9ress\u00e9s par un placement. Les cr\u00e9dits accord\u00e9s aux entreprises peuvent \u00eatre utilis\u00e9s comme pr\u00e9-financement, comme investissement ou pour financer l\u2019acquisition d\u2019une soci\u00e9t\u00e9. Pour le vendeur Solution alternative au pr\u00eat et \u00e0 la compensation totale pr\u00e9alable Communication de la [&hellip;]<\/p>\n","protected":false},"author":222,"featured_media":7936,"parent":0,"menu_order":0,"comment_status":"closed","ping_status":"closed","template":"","meta":{"_et_pb_use_builder":"","_et_pb_old_content":"","_et_gb_content_width":"","footnotes":""},"class_list":["post-7938","page","type-page","status-publish","has-post-thumbnail","hentry"],"yoast_head":"<!-- This site is optimized with the Yoast SEO plugin v27.4 - https:\/\/yoast.com\/product\/yoast-seo-wordpress\/ -->\n<title>Financer l&#039;acquisition d&#039;une soci\u00e9t\u00e9 - FIRM4SALE<\/title>\n<meta name=\"robots\" content=\"index, follow, max-snippet:-1, max-image-preview:large, max-video-preview:-1\" \/>\n<link rel=\"canonical\" href=\"https:\/\/firm4sale.ch\/fr\/financer-l-acquisition-d-une-societe\/\" \/>\n<meta property=\"og:locale\" content=\"fr_FR\" \/>\n<meta property=\"og:type\" content=\"article\" \/>\n<meta property=\"og:title\" content=\"Financer l&#039;acquisition d&#039;une soci\u00e9t\u00e9 - FIRM4SALE\" \/>\n<meta property=\"og:description\" content=\"Financer l&rsquo;acquisition d&rsquo;une soci\u00e9t\u00e9 Notre syst\u00e8me r\u00e9unit des entrepreneurs ayant besoin de capitaux avec des milliers d\u2019investisseurs int\u00e9ress\u00e9s par un placement. Les cr\u00e9dits accord\u00e9s aux entreprises peuvent \u00eatre utilis\u00e9s comme pr\u00e9-financement, comme investissement ou pour financer l\u2019acquisition d\u2019une soci\u00e9t\u00e9. Pour le vendeur Solution alternative au pr\u00eat et \u00e0 la compensation totale pr\u00e9alable Communication de la [&hellip;]\" \/>\n<meta property=\"og:url\" content=\"https:\/\/firm4sale.ch\/fr\/financer-l-acquisition-d-une-societe\/\" \/>\n<meta property=\"og:site_name\" content=\"FIRM4SALE\" \/>\n<meta property=\"article:publisher\" content=\"https:\/\/www.facebook.com\/Firm4Sale\/\" \/>\n<meta property=\"article:modified_time\" content=\"2022-06-05T17:16:26+00:00\" \/>\n<meta property=\"og:image\" content=\"https:\/\/firm4sale.ch\/wp-content\/uploads\/2018\/07\/swisspeers_header.jpg\" \/>\n\t<meta property=\"og:image:width\" content=\"2500\" \/>\n\t<meta property=\"og:image:height\" content=\"1250\" \/>\n\t<meta property=\"og:image:type\" content=\"image\/jpeg\" \/>\n<meta name=\"twitter:card\" content=\"summary_large_image\" \/>\n<meta name=\"twitter:label1\" content=\"Dur\u00e9e de lecture estim\u00e9e\" \/>\n\t<meta name=\"twitter:data1\" content=\"2 minutes\" \/>\n<script type=\"application\/ld+json\" class=\"yoast-schema-graph\">{\"@context\":\"https:\\\/\\\/schema.org\",\"@graph\":[{\"@type\":\"WebPage\",\"@id\":\"https:\\\/\\\/firm4sale.ch\\\/fr\\\/financer-l-acquisition-d-une-societe\\\/\",\"url\":\"https:\\\/\\\/firm4sale.ch\\\/fr\\\/financer-l-acquisition-d-une-societe\\\/\",\"name\":\"Financer l'acquisition d'une soci\u00e9t\u00e9 - FIRM4SALE\",\"isPartOf\":{\"@id\":\"https:\\\/\\\/firm4sale.ch\\\/fr\\\/#website\"},\"primaryImageOfPage\":{\"@id\":\"https:\\\/\\\/firm4sale.ch\\\/fr\\\/financer-l-acquisition-d-une-societe\\\/#primaryimage\"},\"image\":{\"@id\":\"https:\\\/\\\/firm4sale.ch\\\/fr\\\/financer-l-acquisition-d-une-societe\\\/#primaryimage\"},\"thumbnailUrl\":\"https:\\\/\\\/firm4sale.ch\\\/wp-content\\\/uploads\\\/2018\\\/07\\\/swisspeers_header.jpg\",\"datePublished\":\"2018-07-17T07:13:52+00:00\",\"dateModified\":\"2022-06-05T17:16:26+00:00\",\"breadcrumb\":{\"@id\":\"https:\\\/\\\/firm4sale.ch\\\/fr\\\/financer-l-acquisition-d-une-societe\\\/#breadcrumb\"},\"inLanguage\":\"fr-FR\",\"potentialAction\":[{\"@type\":\"ReadAction\",\"target\":[\"https:\\\/\\\/firm4sale.ch\\\/fr\\\/financer-l-acquisition-d-une-societe\\\/\"]}]},{\"@type\":\"ImageObject\",\"inLanguage\":\"fr-FR\",\"@id\":\"https:\\\/\\\/firm4sale.ch\\\/fr\\\/financer-l-acquisition-d-une-societe\\\/#primaryimage\",\"url\":\"https:\\\/\\\/firm4sale.ch\\\/wp-content\\\/uploads\\\/2018\\\/07\\\/swisspeers_header.jpg\",\"contentUrl\":\"https:\\\/\\\/firm4sale.ch\\\/wp-content\\\/uploads\\\/2018\\\/07\\\/swisspeers_header.jpg\",\"width\":2500,\"height\":1250},{\"@type\":\"BreadcrumbList\",\"@id\":\"https:\\\/\\\/firm4sale.ch\\\/fr\\\/financer-l-acquisition-d-une-societe\\\/#breadcrumb\",\"itemListElement\":[{\"@type\":\"ListItem\",\"position\":1,\"name\":\"Accueil\",\"item\":\"https:\\\/\\\/firm4sale.ch\\\/fr\\\/\"},{\"@type\":\"ListItem\",\"position\":2,\"name\":\"Financer l&rsquo;acquisition d&rsquo;une soci\u00e9t\u00e9\"}]},{\"@type\":\"WebSite\",\"@id\":\"https:\\\/\\\/firm4sale.ch\\\/fr\\\/#website\",\"url\":\"https:\\\/\\\/firm4sale.ch\\\/fr\\\/\",\"name\":\"FIRM4SALE\",\"description\":\"\u200bL&#039;unique site de rencontres qui met directement en relation vendeurs et acheteurs d&#039;entreprises.\",\"publisher\":{\"@id\":\"https:\\\/\\\/firm4sale.ch\\\/fr\\\/#organization\"},\"potentialAction\":[{\"@type\":\"SearchAction\",\"target\":{\"@type\":\"EntryPoint\",\"urlTemplate\":\"https:\\\/\\\/firm4sale.ch\\\/fr\\\/?s={search_term_string}\"},\"query-input\":{\"@type\":\"PropertyValueSpecification\",\"valueRequired\":true,\"valueName\":\"search_term_string\"}}],\"inLanguage\":\"fr-FR\"},{\"@type\":\"Organization\",\"@id\":\"https:\\\/\\\/firm4sale.ch\\\/fr\\\/#organization\",\"name\":\"FIRM4SALE\",\"url\":\"https:\\\/\\\/firm4sale.ch\\\/fr\\\/\",\"logo\":{\"@type\":\"ImageObject\",\"inLanguage\":\"fr-FR\",\"@id\":\"https:\\\/\\\/firm4sale.ch\\\/fr\\\/#\\\/schema\\\/logo\\\/image\\\/\",\"url\":\"\",\"contentUrl\":\"\",\"caption\":\"FIRM4SALE\"},\"image\":{\"@id\":\"https:\\\/\\\/firm4sale.ch\\\/fr\\\/#\\\/schema\\\/logo\\\/image\\\/\"},\"sameAs\":[\"https:\\\/\\\/www.facebook.com\\\/Firm4Sale\\\/\"]}]}<\/script>\n<!-- \/ Yoast SEO plugin. -->","yoast_head_json":{"title":"Financer l'acquisition d'une soci\u00e9t\u00e9 - FIRM4SALE","robots":{"index":"index","follow":"follow","max-snippet":"max-snippet:-1","max-image-preview":"max-image-preview:large","max-video-preview":"max-video-preview:-1"},"canonical":"https:\/\/firm4sale.ch\/fr\/financer-l-acquisition-d-une-societe\/","og_locale":"fr_FR","og_type":"article","og_title":"Financer l'acquisition d'une soci\u00e9t\u00e9 - FIRM4SALE","og_description":"Financer l&rsquo;acquisition d&rsquo;une soci\u00e9t\u00e9 Notre syst\u00e8me r\u00e9unit des entrepreneurs ayant besoin de capitaux avec des milliers d\u2019investisseurs int\u00e9ress\u00e9s par un placement. Les cr\u00e9dits accord\u00e9s aux entreprises peuvent \u00eatre utilis\u00e9s comme pr\u00e9-financement, comme investissement ou pour financer l\u2019acquisition d\u2019une soci\u00e9t\u00e9. Pour le vendeur Solution alternative au pr\u00eat et \u00e0 la compensation totale pr\u00e9alable Communication de la [&hellip;]","og_url":"https:\/\/firm4sale.ch\/fr\/financer-l-acquisition-d-une-societe\/","og_site_name":"FIRM4SALE","article_publisher":"https:\/\/www.facebook.com\/Firm4Sale\/","article_modified_time":"2022-06-05T17:16:26+00:00","og_image":[{"width":2500,"height":1250,"url":"https:\/\/firm4sale.ch\/wp-content\/uploads\/2018\/07\/swisspeers_header.jpg","type":"image\/jpeg"}],"twitter_card":"summary_large_image","twitter_misc":{"Dur\u00e9e de lecture estim\u00e9e":"2 minutes"},"schema":{"@context":"https:\/\/schema.org","@graph":[{"@type":"WebPage","@id":"https:\/\/firm4sale.ch\/fr\/financer-l-acquisition-d-une-societe\/","url":"https:\/\/firm4sale.ch\/fr\/financer-l-acquisition-d-une-societe\/","name":"Financer l'acquisition d'une soci\u00e9t\u00e9 - FIRM4SALE","isPartOf":{"@id":"https:\/\/firm4sale.ch\/fr\/#website"},"primaryImageOfPage":{"@id":"https:\/\/firm4sale.ch\/fr\/financer-l-acquisition-d-une-societe\/#primaryimage"},"image":{"@id":"https:\/\/firm4sale.ch\/fr\/financer-l-acquisition-d-une-societe\/#primaryimage"},"thumbnailUrl":"https:\/\/firm4sale.ch\/wp-content\/uploads\/2018\/07\/swisspeers_header.jpg","datePublished":"2018-07-17T07:13:52+00:00","dateModified":"2022-06-05T17:16:26+00:00","breadcrumb":{"@id":"https:\/\/firm4sale.ch\/fr\/financer-l-acquisition-d-une-societe\/#breadcrumb"},"inLanguage":"fr-FR","potentialAction":[{"@type":"ReadAction","target":["https:\/\/firm4sale.ch\/fr\/financer-l-acquisition-d-une-societe\/"]}]},{"@type":"ImageObject","inLanguage":"fr-FR","@id":"https:\/\/firm4sale.ch\/fr\/financer-l-acquisition-d-une-societe\/#primaryimage","url":"https:\/\/firm4sale.ch\/wp-content\/uploads\/2018\/07\/swisspeers_header.jpg","contentUrl":"https:\/\/firm4sale.ch\/wp-content\/uploads\/2018\/07\/swisspeers_header.jpg","width":2500,"height":1250},{"@type":"BreadcrumbList","@id":"https:\/\/firm4sale.ch\/fr\/financer-l-acquisition-d-une-societe\/#breadcrumb","itemListElement":[{"@type":"ListItem","position":1,"name":"Accueil","item":"https:\/\/firm4sale.ch\/fr\/"},{"@type":"ListItem","position":2,"name":"Financer l&rsquo;acquisition d&rsquo;une soci\u00e9t\u00e9"}]},{"@type":"WebSite","@id":"https:\/\/firm4sale.ch\/fr\/#website","url":"https:\/\/firm4sale.ch\/fr\/","name":"FIRM4SALE","description":"\u200bL&#039;unique site de rencontres qui met directement en relation vendeurs et acheteurs d&#039;entreprises.","publisher":{"@id":"https:\/\/firm4sale.ch\/fr\/#organization"},"potentialAction":[{"@type":"SearchAction","target":{"@type":"EntryPoint","urlTemplate":"https:\/\/firm4sale.ch\/fr\/?s={search_term_string}"},"query-input":{"@type":"PropertyValueSpecification","valueRequired":true,"valueName":"search_term_string"}}],"inLanguage":"fr-FR"},{"@type":"Organization","@id":"https:\/\/firm4sale.ch\/fr\/#organization","name":"FIRM4SALE","url":"https:\/\/firm4sale.ch\/fr\/","logo":{"@type":"ImageObject","inLanguage":"fr-FR","@id":"https:\/\/firm4sale.ch\/fr\/#\/schema\/logo\/image\/","url":"","contentUrl":"","caption":"FIRM4SALE"},"image":{"@id":"https:\/\/firm4sale.ch\/fr\/#\/schema\/logo\/image\/"},"sameAs":["https:\/\/www.facebook.com\/Firm4Sale\/"]}]}},"_links":{"self":[{"href":"https:\/\/firm4sale.ch\/fr\/wp-json\/wp\/v2\/pages\/7938","targetHints":{"allow":["GET"]}}],"collection":[{"href":"https:\/\/firm4sale.ch\/fr\/wp-json\/wp\/v2\/pages"}],"about":[{"href":"https:\/\/firm4sale.ch\/fr\/wp-json\/wp\/v2\/types\/page"}],"author":[{"embeddable":true,"href":"https:\/\/firm4sale.ch\/fr\/wp-json\/wp\/v2\/users\/222"}],"replies":[{"embeddable":true,"href":"https:\/\/firm4sale.ch\/fr\/wp-json\/wp\/v2\/comments?post=7938"}],"version-history":[{"count":8,"href":"https:\/\/firm4sale.ch\/fr\/wp-json\/wp\/v2\/pages\/7938\/revisions"}],"predecessor-version":[{"id":32340,"href":"https:\/\/firm4sale.ch\/fr\/wp-json\/wp\/v2\/pages\/7938\/revisions\/32340"}],"wp:featuredmedia":[{"embeddable":true,"href":"https:\/\/firm4sale.ch\/fr\/wp-json\/wp\/v2\/media\/7936"}],"wp:attachment":[{"href":"https:\/\/firm4sale.ch\/fr\/wp-json\/wp\/v2\/media?parent=7938"}],"curies":[{"name":"wp","href":"https:\/\/api.w.org\/{rel}","templated":true}]}}