{"id":25306,"date":"2022-06-03T15:38:07","date_gmt":"2022-06-03T13:45:29","guid":{"rendered":"https:\/\/firm4sale.ch\/?post_type=product&#038;p=25306"},"modified":"2025-07-03T19:50:45","modified_gmt":"2025-07-03T17:50:45","slug":"abonnement-firm4sale-fr","status":"publish","type":"product","link":"https:\/\/firm4sale.ch\/fr\/produit\/abonnement-firm4sale-fr\/","title":{"rendered":"Abonnement FIRM4SALE"},"content":{"rendered":"<p>Pour publier une annonce OBLIGATOIREMENT ANONYME (et sans aucun liens sur d&rsquo;autres sites), vous devez \u00eatre abonn\u00e9. L\u2019abonnement FIRM4SALE co\u00fbte Fr. 58.- par mois (18.- par semaine ou 298.- francs par p\u00e9riode de six mois). Il est reconduit tacitement pour la m\u00eame dur\u00e9e et aux m\u00eames conditions. Il peut \u00eatre r\u00e9sili\u00e9 \u00e0 tout moment, sans frais et sans indication de motifs.   La r\u00e9siliation prend effet \u00e0 la date d\u2019\u00e9ch\u00e9ance de l\u2019abonnement pour autant que la notification nous soit parvenue au plus tard 48 h avant celle-ci.<\/p>\n","protected":false},"excerpt":{"rendered":"<p>Pour vendre votre entreprise sans commission de courtage et pouvoir contacter imm\u00e9diatement les acheteurs potentiels, il n&rsquo;y a que FIRM4SALE en Suisse. Vous devez acheter un abonnement.  L\u2019abonnement FIRM4SALE co\u00fbte Fr. 58 francs par mois ou 298 francs pour 6 mois. Il est reconduit tacitement pour la m\u00eame dur\u00e9e et aux m\u00eames conditions. Il peut \u00eatre r\u00e9sili\u00e9 \u00e0 tout moment, sans frais et sans indication de motifs.    La r\u00e9siliation prend effet \u00e0 la date d\u2019\u00e9ch\u00e9ance de l\u2019abonnement pour autant que la notification nous soit parvenue au plus tard 48 h avant celle-ci.<\/p>\n","protected":false},"featured_media":32039,"template":"","meta":{"_et_pb_use_builder":"","_et_pb_old_content":"","_et_gb_content_width":""},"product_brand":[],"product_cat":[145],"product_tag":[],"class_list":{"0":"post-25306","1":"product","2":"type-product","3":"status-publish","4":"has-post-thumbnail","6":"product_cat-abonnements-fr","8":"first","9":"instock","10":"featured","11":"sold-individually","12":"shipping-taxable","13":"purchasable","14":"product-type-variable-subscription","15":"has-default-attributes"},"yoast_head":"<!-- This site is optimized with the Yoast SEO plugin v27.4 - https:\/\/yoast.com\/product\/yoast-seo-wordpress\/ -->\n<title>Abonnement FIRM4SALE - FIRM4SALE<\/title>\n<meta name=\"robots\" content=\"index, follow, max-snippet:-1, max-image-preview:large, max-video-preview:-1\" \/>\n<link rel=\"canonical\" href=\"https:\/\/firm4sale.ch\/fr\/produit\/abonnement-firm4sale-fr\/\" \/>\n<meta property=\"og:locale\" content=\"fr_FR\" \/>\n<meta property=\"og:type\" content=\"article\" \/>\n<meta property=\"og:title\" content=\"Abonnement FIRM4SALE - FIRM4SALE\" \/>\n<meta property=\"og:description\" content=\"Pour vendre votre entreprise sans commission de courtage et pouvoir contacter imm\u00e9diatement les acheteurs potentiels, il n&#039;y a que FIRM4SALE en Suisse. Vous devez acheter un abonnement. L\u2019abonnement FIRM4SALE co\u00fbte Fr. 58 francs par mois ou 298 francs pour 6 mois. Il est reconduit tacitement pour la m\u00eame dur\u00e9e et aux m\u00eames conditions. Il peut \u00eatre r\u00e9sili\u00e9 \u00e0 tout moment, sans frais et sans indication de motifs.  La r\u00e9siliation prend effet \u00e0 la date d\u2019\u00e9ch\u00e9ance de l\u2019abonnement pour autant que la notification nous soit parvenue au plus tard 48 h avant celle-ci.\" \/>\n<meta property=\"og:url\" content=\"https:\/\/firm4sale.ch\/fr\/produit\/abonnement-firm4sale-fr\/\" \/>\n<meta property=\"og:site_name\" content=\"FIRM4SALE\" \/>\n<meta property=\"article:publisher\" content=\"https:\/\/www.facebook.com\/Firm4Sale\/\" \/>\n<meta property=\"article:modified_time\" content=\"2025-07-03T17:50:45+00:00\" \/>\n<meta property=\"og:image\" content=\"https:\/\/firm4sale.ch\/wp-content\/uploads\/2022\/06\/logo300.png\" \/>\n\t<meta property=\"og:image:width\" content=\"300\" \/>\n\t<meta property=\"og:image:height\" content=\"124\" \/>\n\t<meta property=\"og:image:type\" content=\"image\/png\" \/>\n<meta name=\"twitter:card\" content=\"summary_large_image\" \/>\n<meta name=\"twitter:label1\" content=\"Dur\u00e9e de lecture estim\u00e9e\" \/>\n\t<meta name=\"twitter:data1\" content=\"1 minute\" \/>\n<script type=\"application\/ld+json\" class=\"yoast-schema-graph\">{\"@context\":\"https:\\\/\\\/schema.org\",\"@graph\":[{\"@type\":\"WebPage\",\"@id\":\"https:\\\/\\\/firm4sale.ch\\\/fr\\\/produit\\\/abonnement-firm4sale-fr\\\/\",\"url\":\"https:\\\/\\\/firm4sale.ch\\\/fr\\\/produit\\\/abonnement-firm4sale-fr\\\/\",\"name\":\"Abonnement FIRM4SALE - FIRM4SALE\",\"isPartOf\":{\"@id\":\"https:\\\/\\\/firm4sale.ch\\\/fr\\\/#website\"},\"primaryImageOfPage\":{\"@id\":\"https:\\\/\\\/firm4sale.ch\\\/fr\\\/produit\\\/abonnement-firm4sale-fr\\\/#primaryimage\"},\"image\":{\"@id\":\"https:\\\/\\\/firm4sale.ch\\\/fr\\\/produit\\\/abonnement-firm4sale-fr\\\/#primaryimage\"},\"thumbnailUrl\":\"https:\\\/\\\/firm4sale.ch\\\/wp-content\\\/uploads\\\/2022\\\/06\\\/logo300.png\",\"datePublished\":\"2022-06-03T13:45:29+00:00\",\"dateModified\":\"2025-07-03T17:50:45+00:00\",\"breadcrumb\":{\"@id\":\"https:\\\/\\\/firm4sale.ch\\\/fr\\\/produit\\\/abonnement-firm4sale-fr\\\/#breadcrumb\"},\"inLanguage\":\"fr-FR\",\"potentialAction\":[{\"@type\":\"ReadAction\",\"target\":[\"https:\\\/\\\/firm4sale.ch\\\/fr\\\/produit\\\/abonnement-firm4sale-fr\\\/\"]}]},{\"@type\":\"ImageObject\",\"inLanguage\":\"fr-FR\",\"@id\":\"https:\\\/\\\/firm4sale.ch\\\/fr\\\/produit\\\/abonnement-firm4sale-fr\\\/#primaryimage\",\"url\":\"https:\\\/\\\/firm4sale.ch\\\/wp-content\\\/uploads\\\/2022\\\/06\\\/logo300.png\",\"contentUrl\":\"https:\\\/\\\/firm4sale.ch\\\/wp-content\\\/uploads\\\/2022\\\/06\\\/logo300.png\",\"width\":300,\"height\":124},{\"@type\":\"BreadcrumbList\",\"@id\":\"https:\\\/\\\/firm4sale.ch\\\/fr\\\/produit\\\/abonnement-firm4sale-fr\\\/#breadcrumb\",\"itemListElement\":[{\"@type\":\"ListItem\",\"position\":1,\"name\":\"Accueil\",\"item\":\"https:\\\/\\\/firm4sale.ch\\\/fr\\\/\"},{\"@type\":\"ListItem\",\"position\":2,\"name\":\"Abonnement\",\"item\":\"https:\\\/\\\/firm4sale.ch\\\/fr\\\/abonnement\\\/\"},{\"@type\":\"ListItem\",\"position\":3,\"name\":\"Abonnement FIRM4SALE\"}]},{\"@type\":\"WebSite\",\"@id\":\"https:\\\/\\\/firm4sale.ch\\\/fr\\\/#website\",\"url\":\"https:\\\/\\\/firm4sale.ch\\\/fr\\\/\",\"name\":\"FIRM4SALE\",\"description\":\"\u200bL&#039;unique site de rencontres qui met directement en relation vendeurs et acheteurs d&#039;entreprises.\",\"publisher\":{\"@id\":\"https:\\\/\\\/firm4sale.ch\\\/fr\\\/#organization\"},\"potentialAction\":[{\"@type\":\"SearchAction\",\"target\":{\"@type\":\"EntryPoint\",\"urlTemplate\":\"https:\\\/\\\/firm4sale.ch\\\/fr\\\/?s={search_term_string}\"},\"query-input\":{\"@type\":\"PropertyValueSpecification\",\"valueRequired\":true,\"valueName\":\"search_term_string\"}}],\"inLanguage\":\"fr-FR\"},{\"@type\":\"Organization\",\"@id\":\"https:\\\/\\\/firm4sale.ch\\\/fr\\\/#organization\",\"name\":\"FIRM4SALE\",\"url\":\"https:\\\/\\\/firm4sale.ch\\\/fr\\\/\",\"logo\":{\"@type\":\"ImageObject\",\"inLanguage\":\"fr-FR\",\"@id\":\"https:\\\/\\\/firm4sale.ch\\\/fr\\\/#\\\/schema\\\/logo\\\/image\\\/\",\"url\":\"\",\"contentUrl\":\"\",\"caption\":\"FIRM4SALE\"},\"image\":{\"@id\":\"https:\\\/\\\/firm4sale.ch\\\/fr\\\/#\\\/schema\\\/logo\\\/image\\\/\"},\"sameAs\":[\"https:\\\/\\\/www.facebook.com\\\/Firm4Sale\\\/\"]}]}<\/script>\n<!-- \/ Yoast SEO plugin. -->","yoast_head_json":{"title":"Abonnement FIRM4SALE - FIRM4SALE","robots":{"index":"index","follow":"follow","max-snippet":"max-snippet:-1","max-image-preview":"max-image-preview:large","max-video-preview":"max-video-preview:-1"},"canonical":"https:\/\/firm4sale.ch\/fr\/produit\/abonnement-firm4sale-fr\/","og_locale":"fr_FR","og_type":"article","og_title":"Abonnement FIRM4SALE - FIRM4SALE","og_description":"Pour vendre votre entreprise sans commission de courtage et pouvoir contacter imm\u00e9diatement les acheteurs potentiels, il n'y a que FIRM4SALE en Suisse. Vous devez acheter un abonnement. L\u2019abonnement FIRM4SALE co\u00fbte Fr. 58 francs par mois ou 298 francs pour 6 mois. Il est reconduit tacitement pour la m\u00eame dur\u00e9e et aux m\u00eames conditions. Il peut \u00eatre r\u00e9sili\u00e9 \u00e0 tout moment, sans frais et sans indication de motifs.  La r\u00e9siliation prend effet \u00e0 la date d\u2019\u00e9ch\u00e9ance de l\u2019abonnement pour autant que la notification nous soit parvenue au plus tard 48 h avant celle-ci.","og_url":"https:\/\/firm4sale.ch\/fr\/produit\/abonnement-firm4sale-fr\/","og_site_name":"FIRM4SALE","article_publisher":"https:\/\/www.facebook.com\/Firm4Sale\/","article_modified_time":"2025-07-03T17:50:45+00:00","og_image":[{"width":300,"height":124,"url":"https:\/\/firm4sale.ch\/wp-content\/uploads\/2022\/06\/logo300.png","type":"image\/png"}],"twitter_card":"summary_large_image","twitter_misc":{"Dur\u00e9e de lecture estim\u00e9e":"1 minute"},"schema":{"@context":"https:\/\/schema.org","@graph":[{"@type":"WebPage","@id":"https:\/\/firm4sale.ch\/fr\/produit\/abonnement-firm4sale-fr\/","url":"https:\/\/firm4sale.ch\/fr\/produit\/abonnement-firm4sale-fr\/","name":"Abonnement FIRM4SALE - FIRM4SALE","isPartOf":{"@id":"https:\/\/firm4sale.ch\/fr\/#website"},"primaryImageOfPage":{"@id":"https:\/\/firm4sale.ch\/fr\/produit\/abonnement-firm4sale-fr\/#primaryimage"},"image":{"@id":"https:\/\/firm4sale.ch\/fr\/produit\/abonnement-firm4sale-fr\/#primaryimage"},"thumbnailUrl":"https:\/\/firm4sale.ch\/wp-content\/uploads\/2022\/06\/logo300.png","datePublished":"2022-06-03T13:45:29+00:00","dateModified":"2025-07-03T17:50:45+00:00","breadcrumb":{"@id":"https:\/\/firm4sale.ch\/fr\/produit\/abonnement-firm4sale-fr\/#breadcrumb"},"inLanguage":"fr-FR","potentialAction":[{"@type":"ReadAction","target":["https:\/\/firm4sale.ch\/fr\/produit\/abonnement-firm4sale-fr\/"]}]},{"@type":"ImageObject","inLanguage":"fr-FR","@id":"https:\/\/firm4sale.ch\/fr\/produit\/abonnement-firm4sale-fr\/#primaryimage","url":"https:\/\/firm4sale.ch\/wp-content\/uploads\/2022\/06\/logo300.png","contentUrl":"https:\/\/firm4sale.ch\/wp-content\/uploads\/2022\/06\/logo300.png","width":300,"height":124},{"@type":"BreadcrumbList","@id":"https:\/\/firm4sale.ch\/fr\/produit\/abonnement-firm4sale-fr\/#breadcrumb","itemListElement":[{"@type":"ListItem","position":1,"name":"Accueil","item":"https:\/\/firm4sale.ch\/fr\/"},{"@type":"ListItem","position":2,"name":"Abonnement","item":"https:\/\/firm4sale.ch\/fr\/abonnement\/"},{"@type":"ListItem","position":3,"name":"Abonnement FIRM4SALE"}]},{"@type":"WebSite","@id":"https:\/\/firm4sale.ch\/fr\/#website","url":"https:\/\/firm4sale.ch\/fr\/","name":"FIRM4SALE","description":"\u200bL&#039;unique site de rencontres qui met directement en relation vendeurs et acheteurs d&#039;entreprises.","publisher":{"@id":"https:\/\/firm4sale.ch\/fr\/#organization"},"potentialAction":[{"@type":"SearchAction","target":{"@type":"EntryPoint","urlTemplate":"https:\/\/firm4sale.ch\/fr\/?s={search_term_string}"},"query-input":{"@type":"PropertyValueSpecification","valueRequired":true,"valueName":"search_term_string"}}],"inLanguage":"fr-FR"},{"@type":"Organization","@id":"https:\/\/firm4sale.ch\/fr\/#organization","name":"FIRM4SALE","url":"https:\/\/firm4sale.ch\/fr\/","logo":{"@type":"ImageObject","inLanguage":"fr-FR","@id":"https:\/\/firm4sale.ch\/fr\/#\/schema\/logo\/image\/","url":"","contentUrl":"","caption":"FIRM4SALE"},"image":{"@id":"https:\/\/firm4sale.ch\/fr\/#\/schema\/logo\/image\/"},"sameAs":["https:\/\/www.facebook.com\/Firm4Sale\/"]}]}},"_links":{"self":[{"href":"https:\/\/firm4sale.ch\/fr\/wp-json\/wp\/v2\/product\/25306","targetHints":{"allow":["GET"]}}],"collection":[{"href":"https:\/\/firm4sale.ch\/fr\/wp-json\/wp\/v2\/product"}],"about":[{"href":"https:\/\/firm4sale.ch\/fr\/wp-json\/wp\/v2\/types\/product"}],"wp:featuredmedia":[{"embeddable":true,"href":"https:\/\/firm4sale.ch\/fr\/wp-json\/wp\/v2\/media\/32039"}],"wp:attachment":[{"href":"https:\/\/firm4sale.ch\/fr\/wp-json\/wp\/v2\/media?parent=25306"}],"wp:term":[{"taxonomy":"product_brand","embeddable":true,"href":"https:\/\/firm4sale.ch\/fr\/wp-json\/wp\/v2\/product_brand?post=25306"},{"taxonomy":"product_cat","embeddable":true,"href":"https:\/\/firm4sale.ch\/fr\/wp-json\/wp\/v2\/product_cat?post=25306"},{"taxonomy":"product_tag","embeddable":true,"href":"https:\/\/firm4sale.ch\/fr\/wp-json\/wp\/v2\/product_tag?post=25306"}],"curies":[{"name":"wp","href":"https:\/\/api.w.org\/{rel}","templated":true}]}}